{"id":8575,"date":"2025-04-01T21:01:05","date_gmt":"2025-04-01T21:01:05","guid":{"rendered":"https:\/\/www.primeko.si\/?post_type=product&#038;p=8575"},"modified":"2025-04-01T21:07:04","modified_gmt":"2025-04-01T21:07:04","slug":"oljne-patina","status":"publish","type":"product","link":"https:\/\/www.primeko.si\/en\/product\/oljne-patina\/","title":{"rendered":"Oljne patina lazure za les,ve\u010d barv &#8211; 2.5l"},"content":{"rendered":"<div class=\"wpb-content-wrapper\"><div class=\"vc_row wpb_row vc_row-fluid\"><div class=\"wpb_column vc_column_container vc_col-sm-12\"><div class=\"vc_column-inner\"><div class=\"wpb_wrapper\">\n\t<div class=\"wpb_text_column wpb_content_element\" >\n\t\t<div class=\"wpb_wrapper\">\n\t\t\t<p><strong>BEECK \u2013 LAZURA ZA PATINIRANJE LESA<\/strong><br \/>\nPATINIRANJE ZUNANJIH LESENIH POVR\u0160IN<\/p>\n<p>Beeck lazura za patiniranje lesenih zunanjih povr\u0161in prepre\u010duje grdo porjavitev, pojav plesni, alg, li\u0161ajev in izpiranje lesnih sestavin v prvih letih. Lazura iz lanenega olja se uporablja za neobdelan izpostavljen les na obmo\u010djih fasade. Namen lazure je enakomeren videz. Idealne za fasade, ograje, mansarde, vrtnem lesu, brunarice, nadstre\u0161ki, lesene obloge, itd. Lazura je sestavljena iz lanenega olja, rastlinskih olj in fino mletih mineralnih pigmentov, ki so prosojni in obstojni na svetlobi -ne bledijo. Lazura ne vsebuje smol ali meh\u010dalcev. Z izbiro 6 lazurnih odtenkov lahko poustvarite naravno patino preperelih lesenih povr\u0161in. Te povr\u0161ine ne potrebujejo vzdr\u017eevanja in ponovnega barvanja. Lazura je visoko paroprepustna in uravnava vlago, ni nagnjena k lu\u0161\u010denju.<\/p>\n<p><img decoding=\"async\" loading=\"lazy\" class=\"alignnone size-full wp-image-8576\" src=\"http:\/\/www.primeko.si\/wp-content\/uploads\/2025\/04\/scrnli_0qTSa34tGZiCDm.png\" alt=\"\" width=\"714\" height=\"389\" srcset=\"https:\/\/www.primeko.si\/wp-content\/uploads\/2025\/04\/scrnli_0qTSa34tGZiCDm.png 714w, https:\/\/www.primeko.si\/wp-content\/uploads\/2025\/04\/scrnli_0qTSa34tGZiCDm-300x163.png 300w, https:\/\/www.primeko.si\/wp-content\/uploads\/2025\/04\/scrnli_0qTSa34tGZiCDm-150x82.png 150w, https:\/\/www.primeko.si\/wp-content\/uploads\/2025\/04\/scrnli_0qTSa34tGZiCDm-110x60.png 110w, https:\/\/www.primeko.si\/wp-content\/uploads\/2025\/04\/scrnli_0qTSa34tGZiCDm-165x90.png 165w\" sizes=\"(max-width: 714px) 100vw, 714px\" \/><\/p>\n\n\t\t<\/div>\n\t<\/div>\n<\/div><\/div><\/div><\/div>\n<\/div>","protected":false},"excerpt":{"rendered":"BEECK \u2013 LAZURA ZA PATINIRANJE LESA PATINIRANJE ZUNANJIH LESENIH POVR\u0160IN Beeck lazura za patiniranje lesenih zunanjih povr\u0161in prepre\u010duje grdo porjavitev,","protected":false},"featured_media":8577,"comment_status":"open","ping_status":"closed","template":"","meta":[],"product_cat":[131,136],"product_tag":[],"_links":{"self":[{"href":"https:\/\/www.primeko.si\/en\/wp-json\/wp\/v2\/product\/8575"}],"collection":[{"href":"https:\/\/www.primeko.si\/en\/wp-json\/wp\/v2\/product"}],"about":[{"href":"https:\/\/www.primeko.si\/en\/wp-json\/wp\/v2\/types\/product"}],"replies":[{"embeddable":true,"href":"https:\/\/www.primeko.si\/en\/wp-json\/wp\/v2\/comments?post=8575"}],"wp:featuredmedia":[{"embeddable":true,"href":"https:\/\/www.primeko.si\/en\/wp-json\/wp\/v2\/media\/8577"}],"wp:attachment":[{"href":"https:\/\/www.primeko.si\/en\/wp-json\/wp\/v2\/media?parent=8575"}],"wp:term":[{"taxonomy":"product_cat","embeddable":true,"href":"https:\/\/www.primeko.si\/en\/wp-json\/wp\/v2\/product_cat?post=8575"},{"taxonomy":"product_tag","embeddable":true,"href":"https:\/\/www.primeko.si\/en\/wp-json\/wp\/v2\/product_tag?post=8575"}],"curies":[{"name":"wp","href":"https:\/\/api.w.org\/{rel}","templated":true}]}}