{"id":8572,"date":"2025-04-01T20:57:08","date_gmt":"2025-04-01T20:57:08","guid":{"rendered":"https:\/\/www.primeko.si\/?post_type=product&#038;p=8572"},"modified":"2025-04-01T21:07:08","modified_gmt":"2025-04-01T21:07:08","slug":"oljne-lazure-za-les","status":"publish","type":"product","link":"https:\/\/www.primeko.si\/en\/product\/oljne-lazure-za-les\/","title":{"rendered":"Oljne lazure za les, bela &#8211; 2.5l"},"content":{"rendered":"<div class=\"wpb-content-wrapper\"><div class=\"vc_row wpb_row vc_row-fluid\"><div class=\"wpb_column vc_column_container vc_col-sm-12\"><div class=\"vc_column-inner\"><div class=\"wpb_wrapper\">\n\t<div class=\"wpb_text_column wpb_content_element\" >\n\t\t<div class=\"wpb_wrapper\">\n\t\t\t<p><strong>BEECK \u2013 LANENO OLJNE LAZURE ZA LES<\/strong><\/p>\n<p>Svilnato sijajne lazurne barve s prosojnimi mineralnimi pigmenti. 15 svetlobno obstojnih, UV odpornih standardnih barvah. Uporaba na zunanjih povr\u0161inah, kot so polkna, obloge, ograje, brunarice, fasade, lesene konstrukcije, itd. Klasi\u010dno vretje olja se zamre\u017ei z oksidativnim su\u0161enjem, da nastane paroprepusten in vodotesen izdelek z gladkim filmom. Globoka penetracija v pore s &#8220;plaze\u010dim&#8221; lanenim oljem z nizko molekulsko maso zagotavlja nelo\u010dljivo sidranje na poroznem, suhem in nedrse\u010dem lesu. \u0160e posebej v kombinaciji s fino mletimi mineralnimi pigmenti je ekonomi\u010den, odporen na svetlobo in vzdr\u017eljiv. Aplikacija temelji na modelu sikativnih oljnih glazur v 2-3 tankih plasteh. Ni nagnjena k lu\u0161\u010denju ali postane krhka, tudi \u010de je izpostavljena intenzivnim vremenskim razmeram. Prav tako v primeru prenove ne bo krhkih, lu\u0161\u010de\u010dih in te\u017eko odstranljivih povr\u0161in. Zunanji les, bogat s smolo (npr. macesen), v vro\u010dini rad smoli, to upo\u0161tevajte pri ju\u017enih straneh. Hrast(taninska kislina!) in tropski les (sestavine za razbarvanje, ki zadr\u017eujejo su\u0161enje!) obvezno napraviti vzorec.<\/p>\n<p><img decoding=\"async\" loading=\"lazy\" class=\"alignnone size-full wp-image-8573\" src=\"http:\/\/www.primeko.si\/wp-content\/uploads\/2025\/04\/scrnli_lJQiGsv3XZEdaH.png\" alt=\"\" width=\"716\" height=\"496\" srcset=\"https:\/\/www.primeko.si\/wp-content\/uploads\/2025\/04\/scrnli_lJQiGsv3XZEdaH.png 716w, https:\/\/www.primeko.si\/wp-content\/uploads\/2025\/04\/scrnli_lJQiGsv3XZEdaH-300x208.png 300w, https:\/\/www.primeko.si\/wp-content\/uploads\/2025\/04\/scrnli_lJQiGsv3XZEdaH-150x104.png 150w, https:\/\/www.primeko.si\/wp-content\/uploads\/2025\/04\/scrnli_lJQiGsv3XZEdaH-87x60.png 87w, https:\/\/www.primeko.si\/wp-content\/uploads\/2025\/04\/scrnli_lJQiGsv3XZEdaH-130x90.png 130w\" sizes=\"(max-width: 716px) 100vw, 716px\" \/><\/p>\n\n\t\t<\/div>\n\t<\/div>\n<\/div><\/div><\/div><\/div>\n<\/div>","protected":false},"excerpt":{"rendered":"BEECK \u2013 LANENO OLJNE LAZURE ZA LES Svilnato sijajne lazurne barve s prosojnimi mineralnimi pigmenti. 15 svetlobno obstojnih, UV odpornih","protected":false},"featured_media":8574,"comment_status":"open","ping_status":"closed","template":"","meta":[],"product_cat":[131,136],"product_tag":[],"_links":{"self":[{"href":"https:\/\/www.primeko.si\/en\/wp-json\/wp\/v2\/product\/8572"}],"collection":[{"href":"https:\/\/www.primeko.si\/en\/wp-json\/wp\/v2\/product"}],"about":[{"href":"https:\/\/www.primeko.si\/en\/wp-json\/wp\/v2\/types\/product"}],"replies":[{"embeddable":true,"href":"https:\/\/www.primeko.si\/en\/wp-json\/wp\/v2\/comments?post=8572"}],"wp:featuredmedia":[{"embeddable":true,"href":"https:\/\/www.primeko.si\/en\/wp-json\/wp\/v2\/media\/8574"}],"wp:attachment":[{"href":"https:\/\/www.primeko.si\/en\/wp-json\/wp\/v2\/media?parent=8572"}],"wp:term":[{"taxonomy":"product_cat","embeddable":true,"href":"https:\/\/www.primeko.si\/en\/wp-json\/wp\/v2\/product_cat?post=8572"},{"taxonomy":"product_tag","embeddable":true,"href":"https:\/\/www.primeko.si\/en\/wp-json\/wp\/v2\/product_tag?post=8572"}],"curies":[{"name":"wp","href":"https:\/\/api.w.org\/{rel}","templated":true}]}}