{"id":8565,"date":"2025-03-19T13:42:24","date_gmt":"2025-03-19T13:42:24","guid":{"rendered":"https:\/\/www.primeko.si\/?post_type=product&#038;p=8565"},"modified":"2025-03-19T13:59:11","modified_gmt":"2025-03-19T13:59:11","slug":"beckosil","status":"publish","type":"product","link":"https:\/\/www.primeko.si\/en\/product\/beckosil\/","title":{"rendered":"Beckosil Rough 8kg"},"content":{"rendered":"<div class=\"wpb-content-wrapper\"><div class=\"vc_row wpb_row vc_row-fluid\"><div class=\"wpb_column vc_column_container vc_col-sm-12\"><div class=\"vc_column-inner\"><div class=\"wpb_wrapper\">\n\t<div class=\"wpb_text_column wpb_content_element\" >\n\t\t<div class=\"wpb_wrapper\">\n\t\t\t<p>Fini temeljni premaz v aktivnem silikatnem sistemu po VOB\/DIN 18363 2.4.1.<\/p>\n<p><strong>Namen uporabe: <\/strong>Izravnalni, kremen\u010dev temeljni premaz in vmesni premaz v sistemu Beeckosil na podlagah z manj\u0161imi strukturnimi napakami ali lasastimi razpokami. Prilepljen pripravljen za uporabo. Zaklju\u010dni premaz iste barve z Beeckosilom Fein. Popravite fasade z razpokami, ostru\u017eki ali strukturnimi napakami in jih predhodno obdelajte z BEECK Quartz Filler.<\/p>\n<p><strong>Podro\u010dje uporabe:<\/strong> Za zunanje povr\u0161ine<\/p>\n<p><strong>Zna\u010dilnosti:<\/strong><\/p>\n<ul>\n<li class=\"gmail_default\">BEECK ASF\u00ae Active Silicate formulacija<\/li>\n<li class=\"gmail_default\">Strukturna zrna 0,4 mm<\/li>\n<li class=\"gmail_default\">Premostitev in izravnava lasnih razpok<\/li>\n<li class=\"gmail_default\">Revitalizacija gladkih povr\u0161in<\/li>\n<li class=\"gmail_default\">Ne tvori filma<\/li>\n<li class=\"gmail_default\">Optimalna silicifikacija s substratom in zaklju\u010dnim premazom<\/li>\n<\/ul>\n<p><strong>Poraba: <\/strong>pribli\u017eno 0,24 kg\/m2 na gladki povr\u0161ini<br \/>\n<strong>Velikosti posod:<\/strong> 8 kg\/20 kg<br \/>\n<strong>Barvni odtenek: <\/strong>Bela, umazano bela in 200 me\u0161anih barv po mineralni barvni karti BEECK. Enake barve v Beeckosil fine.<\/p>\n\n\t\t<\/div>\n\t<\/div>\n<\/div><\/div><\/div><\/div>\n<\/div>","protected":false},"excerpt":{"rendered":"<p>Fini temeljni premaz v aktivnem silikatnem sistemu po VOB\/DIN 18363 2.4.1.<\/p>","protected":false},"featured_media":8569,"comment_status":"open","ping_status":"closed","template":"","meta":[],"product_cat":[134,122],"product_tag":[],"_links":{"self":[{"href":"https:\/\/www.primeko.si\/en\/wp-json\/wp\/v2\/product\/8565"}],"collection":[{"href":"https:\/\/www.primeko.si\/en\/wp-json\/wp\/v2\/product"}],"about":[{"href":"https:\/\/www.primeko.si\/en\/wp-json\/wp\/v2\/types\/product"}],"replies":[{"embeddable":true,"href":"https:\/\/www.primeko.si\/en\/wp-json\/wp\/v2\/comments?post=8565"}],"wp:featuredmedia":[{"embeddable":true,"href":"https:\/\/www.primeko.si\/en\/wp-json\/wp\/v2\/media\/8569"}],"wp:attachment":[{"href":"https:\/\/www.primeko.si\/en\/wp-json\/wp\/v2\/media?parent=8565"}],"wp:term":[{"taxonomy":"product_cat","embeddable":true,"href":"https:\/\/www.primeko.si\/en\/wp-json\/wp\/v2\/product_cat?post=8565"},{"taxonomy":"product_tag","embeddable":true,"href":"https:\/\/www.primeko.si\/en\/wp-json\/wp\/v2\/product_tag?post=8565"}],"curies":[{"name":"wp","href":"https:\/\/api.w.org\/{rel}","templated":true}]}}