{"id":8435,"date":"2023-11-30T11:22:50","date_gmt":"2023-11-30T11:22:50","guid":{"rendered":"http:\/\/www.primeko.si\/?post_type=product&#038;p=8435"},"modified":"2023-11-30T11:29:30","modified_gmt":"2023-11-30T11:29:30","slug":"bakreni-trak-proti-algam-lisajem-in-mahu-na-strehi-6-slojni","status":"publish","type":"product","link":"https:\/\/www.primeko.si\/en\/product\/bakreni-trak-proti-algam-lisajem-in-mahu-na-strehi-6-slojni\/","title":{"rendered":"The ridge toward the algam li\u0161ajem, and the moss on the roof \u2013 170 + fleece, 6 layer"},"content":{"rendered":"<div class=\"wpb-content-wrapper\"><div class=\"vc_row wpb_row vc_row-fluid\"><div class=\"wpb_column vc_column_container vc_col-sm-12\"><div class=\"vc_column-inner\"><div class=\"wpb_wrapper\">\n\t<div class=\"wpb_text_column wpb_content_element\" >\n\t\t<div class=\"wpb_wrapper\">\n\t\t\t<p>Bakreni trak proti algam, li\u0161ajem in mahu na strehi. Naravna re\u0161itev za isto streho.<\/p>\n<p>Dobro je znano, da baker u\u010dinkovito deluje proti pojavu mahu na strehi. Najbolj\u0161i primer so \u010diste stre\u0161ne povr\u0161ine pod dimniki in okni, kjer so obrobe iz bakra.Ustrezen u\u010dinek dose\u017eemo z ioni CU2 +, ki jih baker postopoma spro\u0161\u010da zaradi korozije. V ekolo\u0161kem kmetovanju se ta u\u010dinkovina v koncentrirani obliki kot pesticid uporablja \u017ee 140 let (glej npr. &#8220;Demeter &#8211; Uporaba bakra v ekolo\u0161kem kmetovanju&#8221;).<\/p>\n<p>CoTexx GmbH izdeluje sistem za odstranjevanje mahu, li\u0161ajev in alg s strehe \u2013 MOOSfree\u00ae &#8211; od leta 2003. Drobne bakrene niti so vpletene v ve\u010dplastni tekstil z veliko specifi\u010dno povr\u0161ino. Voda in zrak na vseh straneh oksidirata bakreno povr\u0161ino in sprostijo se bakreni ioni, ki prepre\u010dujejo rast alg, mahu in li\u0161ajev. V bakrenem traku je vgrajen flis, v katerem se zadr\u017euje voda. Pri tem se ustvarijo bakreni ioni, ki se zadr\u017eujejo v flisu. To pa pomeni, da jih ni mogo\u010de popolnoma sprati, temve\u010d se skozi dalj\u0161e \u010dasovno obdobje razporedijo po povr\u0161ini strehe.<\/p>\n<p>Od leta 2003 smo nenehno vklju\u010deni v razvoj MOOSfree\u00ae. Pri izmerah vedno upo\u0161tevajte valovitost stre\u0161nikov.<\/p>\n<p><span style=\"color: #0000ff;\"><a style=\"color: #0000ff;\" href=\"http:\/\/www.primeko.si\/wp-content\/uploads\/2023\/11\/Moosfree-navodila-za-montazo-letak.pdf\"><strong><span style=\"text-decoration: underline;\">Moosfree navodila za monta\u017eo letak<\/span><\/strong><\/a><\/span><\/p>\n\n\t\t<\/div>\n\t<\/div>\n<\/div><\/div><\/div><\/div>\n<\/div>","protected":false},"excerpt":{"rendered":"<p>Bakreni trak proti algam, li\u0161ajem in mahu na strehi. Naravna re\u0161itev za isto streho. MOOSfree\u00ae 170 + flis, 6 slojni<\/p>\n<p><strong>Cena: 68,70 EUR za teko\u010di meter traku<\/strong><\/p>","protected":false},"featured_media":8379,"comment_status":"open","ping_status":"closed","template":"","meta":[],"product_cat":[124],"product_tag":[],"_links":{"self":[{"href":"https:\/\/www.primeko.si\/en\/wp-json\/wp\/v2\/product\/8435"}],"collection":[{"href":"https:\/\/www.primeko.si\/en\/wp-json\/wp\/v2\/product"}],"about":[{"href":"https:\/\/www.primeko.si\/en\/wp-json\/wp\/v2\/types\/product"}],"replies":[{"embeddable":true,"href":"https:\/\/www.primeko.si\/en\/wp-json\/wp\/v2\/comments?post=8435"}],"wp:featuredmedia":[{"embeddable":true,"href":"https:\/\/www.primeko.si\/en\/wp-json\/wp\/v2\/media\/8379"}],"wp:attachment":[{"href":"https:\/\/www.primeko.si\/en\/wp-json\/wp\/v2\/media?parent=8435"}],"wp:term":[{"taxonomy":"product_cat","embeddable":true,"href":"https:\/\/www.primeko.si\/en\/wp-json\/wp\/v2\/product_cat?post=8435"},{"taxonomy":"product_tag","embeddable":true,"href":"https:\/\/www.primeko.si\/en\/wp-json\/wp\/v2\/product_tag?post=8435"}],"curies":[{"name":"wp","href":"https:\/\/api.w.org\/{rel}","templated":true}]}}