{"id":8432,"date":"2023-11-30T11:16:35","date_gmt":"2023-11-30T11:16:35","guid":{"rendered":"http:\/\/www.primeko.si\/?post_type=product&#038;p=8432"},"modified":"2025-03-19T13:35:35","modified_gmt":"2025-03-19T13:35:35","slug":"beeta-wc-racka-750-ml","status":"publish","type":"product","link":"https:\/\/www.primeko.si\/en\/product\/beeta-wc-racka-750-ml\/","title":{"rendered":"BEETA-TOILET duck, 750 ml"},"content":{"rendered":"<div class=\"wpb-content-wrapper\"><div class=\"vc_row wpb_row vc_row-fluid\"><div class=\"wpb_column vc_column_container vc_col-sm-12\"><div class=\"vc_column-inner\"><div class=\"wpb_wrapper\">\n\t<div class=\"wpb_text_column wpb_content_element\" >\n\t\t<div class=\"wpb_wrapper\">\n\t\t\t<p>Beeta toaletni mo\u010dni gel ne\u017eno in temeljito odstrani trdovratno umazanijo (urinski kamen) iz \u0161koljke in pisoarjev.<\/p>\n<p><strong>DOZIRANJE<\/strong><br \/>\nGel za WC \u0161koljko postavite neposredno pod rob umivalnika in ga razma\u017eite s krta\u010do. Pustite na kratko in sperite. \u010ce je zelo umazan, ga pustite \u010dez no\u010d.<\/p>\n<p><strong>Sestavine INCI &#8220;beeta WC Kraftgel&#8221;:<\/strong><br \/>\nvoda, sok korenine beta vulgaris**, citronska kislina*, alkilpoliglukozid*, alkohol*, ksantan gumi*, naravni parfum*, limonen***<br \/>\n*na rastlinski osnovi, **organsko, ***kot sestavina eteri\u010dnih olj<\/p>\n\n\t\t<\/div>\n\t<\/div>\n<\/div><\/div><\/div><\/div>\n<\/div>","protected":false},"excerpt":{"rendered":"<p>Beeta toaletni mo\u010dni gel ne\u017eno in temeljito odstrani trdovratno umazanijo (urinski kamen) iz \u0161koljke in pisoarjev.<\/p>","protected":false},"featured_media":8433,"comment_status":"open","ping_status":"closed","template":"","meta":[],"product_cat":[143,124],"product_tag":[],"_links":{"self":[{"href":"https:\/\/www.primeko.si\/en\/wp-json\/wp\/v2\/product\/8432"}],"collection":[{"href":"https:\/\/www.primeko.si\/en\/wp-json\/wp\/v2\/product"}],"about":[{"href":"https:\/\/www.primeko.si\/en\/wp-json\/wp\/v2\/types\/product"}],"replies":[{"embeddable":true,"href":"https:\/\/www.primeko.si\/en\/wp-json\/wp\/v2\/comments?post=8432"}],"wp:featuredmedia":[{"embeddable":true,"href":"https:\/\/www.primeko.si\/en\/wp-json\/wp\/v2\/media\/8433"}],"wp:attachment":[{"href":"https:\/\/www.primeko.si\/en\/wp-json\/wp\/v2\/media?parent=8432"}],"wp:term":[{"taxonomy":"product_cat","embeddable":true,"href":"https:\/\/www.primeko.si\/en\/wp-json\/wp\/v2\/product_cat?post=8432"},{"taxonomy":"product_tag","embeddable":true,"href":"https:\/\/www.primeko.si\/en\/wp-json\/wp\/v2\/product_tag?post=8432"}],"curies":[{"name":"wp","href":"https:\/\/api.w.org\/{rel}","templated":true}]}}