{"id":8430,"date":"2023-11-30T11:13:07","date_gmt":"2023-11-30T11:13:07","guid":{"rendered":"http:\/\/www.primeko.si\/?post_type=product&#038;p=8430"},"modified":"2025-03-19T13:35:48","modified_gmt":"2025-03-19T13:35:48","slug":"beeta-tekoce-milo-za-roke","status":"publish","type":"product","link":"https:\/\/www.primeko.si\/en\/product\/beeta-tekoce-milo-za-roke\/","title":{"rendered":"BEETA liquid soap for hands, 500ml"},"content":{"rendered":"<div class=\"wpb-content-wrapper\"><div class=\"vc_row wpb_row vc_row-fluid\"><div class=\"wpb_column vc_column_container vc_col-sm-12\"><div class=\"vc_column-inner\"><div class=\"wpb_wrapper\">\n\t<div class=\"wpb_text_column wpb_content_element\" >\n\t\t<div class=\"wpb_wrapper\">\n\t\t\t<p>Za blago nego rok in telesa.S prijetnim, jagodi\u010dasto sve\u017eim vonjem (velja samo za razli\u010dice z eteri\u010dnimi olji). Temelji na aktivnih sestavinah iz narave in nudi odli\u010dno biorazgradljivost.<\/p>\n<p><strong>SESTAVA (INCI) \u201cbeeta teko\u010de milo za roke brez di\u0161av\u201d<\/strong><br \/>\nAqua, Cocamidopropyl Betaine*, Beta vulgaris fermentiran koreninski sok**, Alkylpolyglycoside C8-10*, Alcohol denat.*, Glycerin*, Xanthan Gumi*, Citronska kislina*, Natrijev benzoat, Kalijev sorbat. *zelenjavna, ** ekolo\u0161ko pridelana<\/p>\n\n\t\t<\/div>\n\t<\/div>\n<\/div><\/div><\/div><\/div>\n<\/div>","protected":false},"excerpt":{"rendered":"<p>Za blago nego rok in telesa.S prijetnim, jagodi\u010dasto sve\u017eim vonjem (velja samo za razli\u010dice z eteri\u010dnimi olji). Temelji na aktivnih sestavinah iz narave in nudi odli\u010dno biorazgradljivost.<\/p>","protected":false},"featured_media":8431,"comment_status":"open","ping_status":"closed","template":"","meta":[],"product_cat":[143,124],"product_tag":[],"_links":{"self":[{"href":"https:\/\/www.primeko.si\/en\/wp-json\/wp\/v2\/product\/8430"}],"collection":[{"href":"https:\/\/www.primeko.si\/en\/wp-json\/wp\/v2\/product"}],"about":[{"href":"https:\/\/www.primeko.si\/en\/wp-json\/wp\/v2\/types\/product"}],"replies":[{"embeddable":true,"href":"https:\/\/www.primeko.si\/en\/wp-json\/wp\/v2\/comments?post=8430"}],"wp:featuredmedia":[{"embeddable":true,"href":"https:\/\/www.primeko.si\/en\/wp-json\/wp\/v2\/media\/8431"}],"wp:attachment":[{"href":"https:\/\/www.primeko.si\/en\/wp-json\/wp\/v2\/media?parent=8430"}],"wp:term":[{"taxonomy":"product_cat","embeddable":true,"href":"https:\/\/www.primeko.si\/en\/wp-json\/wp\/v2\/product_cat?post=8430"},{"taxonomy":"product_tag","embeddable":true,"href":"https:\/\/www.primeko.si\/en\/wp-json\/wp\/v2\/product_tag?post=8430"}],"curies":[{"name":"wp","href":"https:\/\/api.w.org\/{rel}","templated":true}]}}