{"id":8414,"date":"2023-11-16T15:26:43","date_gmt":"2023-11-16T15:26:43","guid":{"rendered":"http:\/\/www.primeko.si\/?post_type=product&#038;p=8414"},"modified":"2023-11-16T15:28:55","modified_gmt":"2023-11-16T15:28:55","slug":"sport-mo5","status":"publish","type":"product","link":"https:\/\/www.primeko.si\/en\/product\/sport-mo5\/","title":{"rendered":"\u0160PORT MO5"},"content":{"rendered":"<div class=\"wpb-content-wrapper\"><div class=\"vc_row wpb_row vc_row-fluid\"><div class=\"wpb_column vc_column_container vc_col-sm-12\"><div class=\"vc_column-inner\"><div class=\"wpb_wrapper\">\n\t<div class=\"wpb_text_column wpb_content_element\" >\n\t\t<div class=\"wpb_wrapper\">\n\t\t\t<p><strong>Za umetno travo in tenis igri\u0161\u010da.<\/strong><\/p>\n<p><strong>\u0160PORT MO5<\/strong> je re\u0161itev posebej za \u0161portna igri\u0161\u010da. 5 razli\u010dnih skupin mikroorganizmov pospe\u0161uje proces razgradnje organskih snovi in prepre\u010duje polstenje. Organsko onesna\u017eenje \u010distijo mikroorganizmi v MO5 \u0160PORT. Rezultat je brezhibna (umetna) travnata povr\u0161ina ali teni\u0161ko igri\u0161\u010de.<br \/>\nMikroorganizmi<\/p>\n<p><strong>Kaj je osnova MO5 \u0160PORT podjetja Primeko? <\/strong><br \/>\nNatan\u010dno sestavljeni mikroorganizmi hitreje razgradijo organske snovi na (umetni) travi in trdi podlagi. Trajnostna, okolju prijazna re\u0161itev z bolj\u0161imi rezultati. Zahvaljujo\u010d MO5 \u0160PORT podlaga postane urejena, \u010dista, vodoprepustna in spolzkost je preteklost.<\/p>\n\n\t\t<\/div>\n\t<\/div>\n<\/div><\/div><\/div><\/div>\n<\/div>","protected":false},"excerpt":{"rendered":"<div class=\"gmail_default\">Za umetno travo in tenis igri\u0161\u010da.<\/div>","protected":false},"featured_media":8415,"comment_status":"open","ping_status":"closed","template":"","meta":[],"product_cat":[124],"product_tag":[],"_links":{"self":[{"href":"https:\/\/www.primeko.si\/en\/wp-json\/wp\/v2\/product\/8414"}],"collection":[{"href":"https:\/\/www.primeko.si\/en\/wp-json\/wp\/v2\/product"}],"about":[{"href":"https:\/\/www.primeko.si\/en\/wp-json\/wp\/v2\/types\/product"}],"replies":[{"embeddable":true,"href":"https:\/\/www.primeko.si\/en\/wp-json\/wp\/v2\/comments?post=8414"}],"wp:featuredmedia":[{"embeddable":true,"href":"https:\/\/www.primeko.si\/en\/wp-json\/wp\/v2\/media\/8415"}],"wp:attachment":[{"href":"https:\/\/www.primeko.si\/en\/wp-json\/wp\/v2\/media?parent=8414"}],"wp:term":[{"taxonomy":"product_cat","embeddable":true,"href":"https:\/\/www.primeko.si\/en\/wp-json\/wp\/v2\/product_cat?post=8414"},{"taxonomy":"product_tag","embeddable":true,"href":"https:\/\/www.primeko.si\/en\/wp-json\/wp\/v2\/product_tag?post=8414"}],"curies":[{"name":"wp","href":"https:\/\/api.w.org\/{rel}","templated":true}]}}