{"id":8407,"date":"2023-11-10T12:38:55","date_gmt":"2023-11-10T12:38:55","guid":{"rendered":"http:\/\/www.primeko.si\/?post_type=product&#038;p=8407"},"modified":"2025-04-01T21:27:50","modified_gmt":"2025-04-01T21:27:50","slug":"av-coating","status":"publish","type":"product","link":"https:\/\/www.primeko.si\/en\/product\/av-coating\/","title":{"rendered":"A \/ v coating - primer 1l"},"content":{"rendered":"<div class=\"wpb-content-wrapper\"><div class=\"vc_row wpb_row vc_row-fluid\"><div class=\"wpb_column vc_column_container vc_col-sm-12\"><div class=\"vc_column-inner\"><div class=\"wpb_wrapper\">\n\t<div class=\"wpb_text_column wpb_content_element\" >\n\t\t<div class=\"wpb_wrapper\">\n\t\t\t<p>AV premaz je narejen iz hrane. Vsebuje beljakovine, \u0161krob in gluten. Zagotavlja zelo tanek, neviden premaz, tako da spodaj le\u017ee\u010de alge in mahovi ne prejemajo ve\u010d kisika, se zadu\u0161ijo in izginejo. Popolnoma varen za uporabo v odprtih vodah in ni \u0161kodljiv za \u017eivali, rastline in vodne organizme.<\/p>\n<p><strong>Pakiranje:<\/strong> 1ltr.<\/p>\n\n\t\t<\/div>\n\t<\/div>\n<\/div><\/div><\/div><\/div>\n<\/div>","protected":false},"excerpt":{"rendered":"AV premaz je narejen iz hrane. Vsebuje beljakovine, \u0161krob in gluten. Zagotavlja zelo tanek, neviden premaz, tako da spodaj le\u017ee\u010de","protected":false},"featured_media":8408,"comment_status":"open","ping_status":"closed","template":"","meta":[],"product_cat":[124],"product_tag":[],"_links":{"self":[{"href":"https:\/\/www.primeko.si\/en\/wp-json\/wp\/v2\/product\/8407"}],"collection":[{"href":"https:\/\/www.primeko.si\/en\/wp-json\/wp\/v2\/product"}],"about":[{"href":"https:\/\/www.primeko.si\/en\/wp-json\/wp\/v2\/types\/product"}],"replies":[{"embeddable":true,"href":"https:\/\/www.primeko.si\/en\/wp-json\/wp\/v2\/comments?post=8407"}],"wp:featuredmedia":[{"embeddable":true,"href":"https:\/\/www.primeko.si\/en\/wp-json\/wp\/v2\/media\/8408"}],"wp:attachment":[{"href":"https:\/\/www.primeko.si\/en\/wp-json\/wp\/v2\/media?parent=8407"}],"wp:term":[{"taxonomy":"product_cat","embeddable":true,"href":"https:\/\/www.primeko.si\/en\/wp-json\/wp\/v2\/product_cat?post=8407"},{"taxonomy":"product_tag","embeddable":true,"href":"https:\/\/www.primeko.si\/en\/wp-json\/wp\/v2\/product_tag?post=8407"}],"curies":[{"name":"wp","href":"https:\/\/api.w.org\/{rel}","templated":true}]}}