{"id":8391,"date":"2023-11-08T18:32:35","date_gmt":"2023-11-08T18:32:35","guid":{"rendered":"http:\/\/www.primeko.si\/?post_type=product&#038;p=8391"},"modified":"2023-11-30T11:02:32","modified_gmt":"2023-11-30T11:02:32","slug":"klimasan-fein","status":"publish","type":"product","link":"https:\/\/www.primeko.si\/en\/product\/klimasan-fein\/","title":{"rendered":"Klimasan Fein 30kg"},"content":{"rendered":"<div class=\"wpb-content-wrapper\"><div class=\"vc_row wpb_row vc_row-fluid\"><div class=\"wpb_column vc_column_container vc_col-sm-12\"><div class=\"vc_column-inner\"><div class=\"wpb_wrapper\">\n\t<div class=\"wpb_text_column wpb_content_element\" >\n\t\t<div class=\"wpb_wrapper\">\n\t\t\t<p><b>Podro\u010dje uporabe Klimasan Fein:<br \/>\n<\/b>\u010cisto mineralni, tankoslojni in paroprepustni (2 do 3 mm) zra\u010dno-apneni omet. Klimasan Fine je primeren za glajenje in polstenje v zaprtih prostorih. Zahvaljujo\u010d u\u010dinku uravnavanja vlage in sposobnosti vpijanja du\u0161ikovih oksidov zagotavlja optimalno bivalno klimo (u\u010dinek \u010distega zraka), na ometih maltnih skupin CSI, CSII in CSIII. Klimasan Fine ni primeren za pokrivni omet, ki vsebuje mavec.<\/p>\n<p>Poraba 30kg \/ 6mm debeline \/ 4m2<\/p>\n\n\t\t<\/div>\n\t<\/div>\n<\/div><\/div><\/div><\/div>\n<\/div>","protected":false},"excerpt":{"rendered":"<p>\u010cisto mineralni, tankoslojni in paroprepustni (2 do 3 mm) zra\u010dno-apneni omet. Klimasan Fine je primeren za glajenje in polstenje v zaprtih prostorih.<\/p>","protected":false},"featured_media":8393,"comment_status":"open","ping_status":"closed","template":"","meta":[],"product_cat":[133],"product_tag":[],"_links":{"self":[{"href":"https:\/\/www.primeko.si\/en\/wp-json\/wp\/v2\/product\/8391"}],"collection":[{"href":"https:\/\/www.primeko.si\/en\/wp-json\/wp\/v2\/product"}],"about":[{"href":"https:\/\/www.primeko.si\/en\/wp-json\/wp\/v2\/types\/product"}],"replies":[{"embeddable":true,"href":"https:\/\/www.primeko.si\/en\/wp-json\/wp\/v2\/comments?post=8391"}],"wp:featuredmedia":[{"embeddable":true,"href":"https:\/\/www.primeko.si\/en\/wp-json\/wp\/v2\/media\/8393"}],"wp:attachment":[{"href":"https:\/\/www.primeko.si\/en\/wp-json\/wp\/v2\/media?parent=8391"}],"wp:term":[{"taxonomy":"product_cat","embeddable":true,"href":"https:\/\/www.primeko.si\/en\/wp-json\/wp\/v2\/product_cat?post=8391"},{"taxonomy":"product_tag","embeddable":true,"href":"https:\/\/www.primeko.si\/en\/wp-json\/wp\/v2\/product_tag?post=8391"}],"curies":[{"name":"wp","href":"https:\/\/api.w.org\/{rel}","templated":true}]}}