{"id":8388,"date":"2023-11-08T18:24:41","date_gmt":"2023-11-08T18:24:41","guid":{"rendered":"http:\/\/www.primeko.si\/?post_type=product&#038;p=8388"},"modified":"2023-11-30T11:03:09","modified_gmt":"2023-11-30T11:03:09","slug":"klimasan-s","status":"publish","type":"product","link":"https:\/\/www.primeko.si\/en\/product\/klimasan-s\/","title":{"rendered":"Klimasan S 14kg"},"content":{"rendered":"<div class=\"wpb-content-wrapper\"><div class=\"vc_row wpb_row vc_row-fluid\"><div class=\"wpb_column vc_column_container vc_col-sm-12\"><div class=\"vc_column-inner\"><div class=\"wpb_wrapper\">\n\t<div  class=\"wpb_single_image wpb_content_element vc_align_left\">\n\t\t\n\t\t<figure class=\"wpb_wrapper vc_figure\">\n\t\t\t<div class=\"vc_single_image-wrapper   vc_box_border_grey\"><img width=\"1919\" height=\"656\" src=\"https:\/\/www.primeko.si\/wp-content\/uploads\/2023\/11\/image-7.png\" class=\"vc_single_image-img attachment-full\" alt=\"\" decoding=\"async\" title=\"image (7)\" loading=\"lazy\" srcset=\"https:\/\/www.primeko.si\/wp-content\/uploads\/2023\/11\/image-7.png 1919w, https:\/\/www.primeko.si\/wp-content\/uploads\/2023\/11\/image-7-300x103.png 300w, https:\/\/www.primeko.si\/wp-content\/uploads\/2023\/11\/image-7-1024x350.png 1024w, https:\/\/www.primeko.si\/wp-content\/uploads\/2023\/11\/image-7-768x263.png 768w, https:\/\/www.primeko.si\/wp-content\/uploads\/2023\/11\/image-7-1536x525.png 1536w, https:\/\/www.primeko.si\/wp-content\/uploads\/2023\/11\/image-7-1200x410.png 1200w, https:\/\/www.primeko.si\/wp-content\/uploads\/2023\/11\/image-7-150x51.png 150w, https:\/\/www.primeko.si\/wp-content\/uploads\/2023\/11\/image-7-176x60.png 176w, https:\/\/www.primeko.si\/wp-content\/uploads\/2023\/11\/image-7-263x90.png 263w\" sizes=\"(max-width: 1919px) 100vw, 1919px\" \/><\/div>\n\t\t<\/figure>\n\t<\/div>\n\n\t<div class=\"wpb_text_column wpb_content_element\" >\n\t\t<div class=\"wpb_wrapper\">\n\t\t\t<p><b>Sanacijski omet \u2013 regulacija namesto zama\u0161itve<br \/>\n<\/b>V nasprotju z drugimi ometi ima Klimasan Sanierputz S prednost izredno visokega u\u010dinka uravnavanja vlage. To pomeni, da ima ta sanacijski omet trajen u\u010dinek proti plesni in algam ter je brez fungicidov in biocidov ter brez hidrofobne obdelave. Prav tako je trajno odporen na sol.<\/p>\n<p><b>Podro\u010dje uporabe Klimasan S<br \/>\n<\/b>\u010cisto mineralni sanacijski omet se lahko uporablja v zaprtih prostorih in na prostem ter razvla\u017ei tudi zelo mokre povr\u0161ine. Nobena drena\u017ea, pregrade ali podobno niso potrebni. V novogradnjah se uporablja kot preventivni ukrep uporablja se pri vla\u017enem zidanju in tam, kjer sta notranja klima in vreme izpostavljena visokim zahtevam. V starih stavbah slu\u017ei kot eno stro\u0161kovno in \u010dasovno var\u010den prenovitveni ukrep za trajno razvla\u017eevanje sten.<\/p>\n<p><span style=\"color: #339966;\">\u2713<\/span> Zra\u010dni apneni omet za biolo\u0161ko-ekolo\u0161ko gradnjo hi\u0161<br \/>\n<span style=\"color: #339966;\">\u2713<\/span> Za zahtevne spomeni\u0161kovarstvene prenove<br \/>\n<span style=\"color: #339966;\">\u2713<\/span> Brez \u0161kodljivih snovi<br \/>\n<span style=\"color: #339966;\">\u2713<\/span> Regulacija vlage<br \/>\n<span style=\"color: #339966;\">\u2713<\/span> Proti plesni in antibakterijsko<\/p>\n<p>Na splo\u0161no ima Klimasan S zahvaljujo\u010d posebnemu lahkemu perlitnemu agregatu popolne pogoje za trajnostno drena\u017eo gradbenih materialov, ki jih je vredno za\u0161\u010dititi. Pravi omet za razvla\u017eevanje.<\/p>\n<p><b>Voda ne \u0161kodi, \u010de pride in odide<\/b><br \/>\nZdrava gradbena konstrukcija mora biti sposobna soo\u010diti se z vlago in v njej raztopljenimi solmi. Sodobni ukrepi, ki sledijo na\u010delu \u00bbzama\u0161i, izoliraj, zatesni\u00ab pogosto povzro\u010dijo vlago v zidu, kar lahko privede do razli\u010dnih vrst po\u0161kodb, kot so plesnivi in neuporabni prostori, lu\u0161\u010denje ometa, trohnenje hi\u0161e ali celo izguba zidu. celotno gradbeno konstrukcijo.<\/p>\n<p><b>Razvla\u017eevanje skozi popolno izsu\u0161itev<\/b><br \/>\nKapilarna izolacijska stena deluje kot dober bla\u017eilec vlage in u\u010dinkovito odlaga minerale, ki se prena\u0161ajo iz zidu. Kot edini osnovni omet se lahko nanese neposredno na vsak zid kot omet za razvla\u017eevanje. To zagotavlja na eni strani trajno razvla\u017eevanje s povr\u0161inskim su\u0161enjem in na drugi strani podnebju primerno, popolnoma paroprepustno toplotno izolacijo z visoko vrednostjo hranilnika toplote. Druga prednost izhaja iz manj\u0161ega napora pri obdelavi v primerjavi s certificiranimi sistemskimi re\u0161itvami. Klimasan S ustvarja u\u010dinkovito stensko strukturo, ki podpira naravno su\u0161enje gradbenih materialov zahvaljujo\u010d fizikalnemu principu delovanja. To pomeni, da se lahko individualno odzovete na posamezen vzorec \u0161kode in okoli\u0161\u010dine na kraju samem brez kakr\u0161nih koli sistemskih zahtev in ste hkrati ekonomsko uspe\u0161ni.<\/p>\n<p>Poraba 14kg \/ 35mm debeline \/ 1m2<\/p>\n\n\t\t<\/div>\n\t<\/div>\n<\/div><\/div><\/div><\/div>\n<\/div>","protected":false},"excerpt":{"rendered":"<p>V nasprotju z drugimi ometi ima Klimasan Sanierputz S prednost izredno visokega u\u010dinka uravnavanja vlage. To pomeni, da ima ta sanacijski omet trajen u\u010dinek proti plesni in algam ter je brez fungicidov in biocidov ter brez hidrofobne obdelave. Prav tako je trajno odporen na sol.<\/p>","protected":false},"featured_media":8390,"comment_status":"open","ping_status":"closed","template":"","meta":[],"product_cat":[133],"product_tag":[],"_links":{"self":[{"href":"https:\/\/www.primeko.si\/en\/wp-json\/wp\/v2\/product\/8388"}],"collection":[{"href":"https:\/\/www.primeko.si\/en\/wp-json\/wp\/v2\/product"}],"about":[{"href":"https:\/\/www.primeko.si\/en\/wp-json\/wp\/v2\/types\/product"}],"replies":[{"embeddable":true,"href":"https:\/\/www.primeko.si\/en\/wp-json\/wp\/v2\/comments?post=8388"}],"wp:featuredmedia":[{"embeddable":true,"href":"https:\/\/www.primeko.si\/en\/wp-json\/wp\/v2\/media\/8390"}],"wp:attachment":[{"href":"https:\/\/www.primeko.si\/en\/wp-json\/wp\/v2\/media?parent=8388"}],"wp:term":[{"taxonomy":"product_cat","embeddable":true,"href":"https:\/\/www.primeko.si\/en\/wp-json\/wp\/v2\/product_cat?post=8388"},{"taxonomy":"product_tag","embeddable":true,"href":"https:\/\/www.primeko.si\/en\/wp-json\/wp\/v2\/product_tag?post=8388"}],"curies":[{"name":"wp","href":"https:\/\/api.w.org\/{rel}","templated":true}]}}