{"id":8374,"date":"2023-11-08T08:44:08","date_gmt":"2023-11-08T08:44:08","guid":{"rendered":"http:\/\/www.primeko.si\/?post_type=product&#038;p=8374"},"modified":"2025-03-19T13:35:42","modified_gmt":"2025-03-19T13:35:42","slug":"beeta-univerzal","status":"publish","type":"product","link":"https:\/\/www.primeko.si\/en\/product\/beeta-univerzal\/","title":{"rendered":"Beeta universal cleaner 10l"},"content":{"rendered":"<div class=\"wpb-content-wrapper\"><div class=\"vc_row wpb_row vc_row-fluid\"><div class=\"wpb_column vc_column_container vc_col-sm-12\"><div class=\"vc_column-inner\"><div class=\"wpb_wrapper\">\n\t<div class=\"wpb_text_column wpb_content_element\" >\n\t\t<div class=\"wpb_wrapper\">\n\t\t\t<p>Univerzalni \u010distilni koncentrat &#8220;beeta 5v1&#8221; je pravi vsestranski: ponuja 5 mo\u010dnih, var\u010dnih \u010distil v enem! Je enostaven za uporabo, ker je odmerek odvisen od podro\u010dja uporabe:<\/p>\n<p><strong>1. UPORABLJAJTE KOT VSENAMENSKO \u010cISTILO<\/strong><br \/>\n\u010cisto\u010da za tla iz PVC-ja, linolej, plo\u0161\u010dice in delovne povr\u0161ine vseh vrst.<br \/>\nPriporo\u010deno odmerjanje: 1-2 % raztopina v vodi ali 10 do 20 % kot raztopina, pripravljena za uporabo, v plastenki z razpr\u0161ilom.<\/p>\n<p><strong>2. UPORABA KOT \u010cISTILO ZA KOPALNICO IN WC<\/strong><br \/>\nMo\u010dan u\u010dinek proti nalagam vodnega kamna in umazanije po kopalnici in sanitarnem prostoru.<br \/>\nPriporo\u010deno doziranje: 1-2% raztopina v vodi, v \u010disti obliki za zelo trdovratno umazanijo. 20 do 30 % kot raztopina, pripravljena za uporabo, v plastenki z razpr\u0161ilom.<\/p>\n<p><strong>3. UPORABITE KOT \u010cISTILO ZA STEKLO IN PLASTIKO<\/strong><br \/>\n\u010cisto\u010da oken, ogledal, avtomobilskih stekel, okenskih polic, vrat itd.<br \/>\nPriporo\u010deno odmerjanje: 1-2 % raztopina v vodi ali 10 do 20 % kot raztopina, pripravljena za uporabo, v plastenki z razpr\u0161ilom.<\/p>\n<p><strong>4.UPORABITE KOT \u010cISTILO ZA KOVINE<\/strong><br \/>\nVra\u010da naravni sijaj kovin. Odstranjuje usedline umazanije na pomivalnih koritih iz nerjave\u010dega jekla, armaturah, napah, idealno tudi za uporabo v kuhinji!<br \/>\nPriporo\u010deno odmerjanje: 1-2% raztopina v vodi. 20 do 30 % kot raztopina, pripravljena za uporabo, v plastenki z razpr\u0161ilom.<\/p>\n<p><strong>5. UPORABITE KOT ODSTRANJEVALEC SAJ<\/strong><br \/>\nOdstranjuje saje iz stekla pe\u010di..<br \/>\nPriporo\u010deno odmerjanje: 1-2% raztopina v vodi. 20 do 30 % kot raztopina, pripravljena za uporabo, v plastenki z razpr\u0161ilom.<\/p>\n<p><strong>Sestavine INCI &#8220;beeta 5v1 Universal &#8211; \u010distilni koncentrat, brez di\u0161av&#8221;:<\/strong><br \/>\nvoda, sok korenine beta vulgaris**, citronska kislina*, alkilpoliglukozid*, natrijev kokosulfat*<br \/>\n*zelenjavna, ** ekolo\u0161ko pridelana<\/p>\n\n\t\t<\/div>\n\t<\/div>\n<\/div><\/div><\/div><\/div>\n<\/div>","protected":false},"excerpt":{"rendered":"<p>Univerzalni \u010distilni koncentrat &#8220;beeta 5v1&#8221; je pravi vsestranski: ponuja 5 mo\u010dnih, var\u010dnih \u010distil v enem! Je enostaven za uporabo, ker je odmerek odvisen od podro\u010dja uporabe.<\/p>","protected":false},"featured_media":8429,"comment_status":"open","ping_status":"closed","template":"","meta":[],"product_cat":[143,124],"product_tag":[],"_links":{"self":[{"href":"https:\/\/www.primeko.si\/en\/wp-json\/wp\/v2\/product\/8374"}],"collection":[{"href":"https:\/\/www.primeko.si\/en\/wp-json\/wp\/v2\/product"}],"about":[{"href":"https:\/\/www.primeko.si\/en\/wp-json\/wp\/v2\/types\/product"}],"replies":[{"embeddable":true,"href":"https:\/\/www.primeko.si\/en\/wp-json\/wp\/v2\/comments?post=8374"}],"wp:featuredmedia":[{"embeddable":true,"href":"https:\/\/www.primeko.si\/en\/wp-json\/wp\/v2\/media\/8429"}],"wp:attachment":[{"href":"https:\/\/www.primeko.si\/en\/wp-json\/wp\/v2\/media?parent=8374"}],"wp:term":[{"taxonomy":"product_cat","embeddable":true,"href":"https:\/\/www.primeko.si\/en\/wp-json\/wp\/v2\/product_cat?post=8374"},{"taxonomy":"product_tag","embeddable":true,"href":"https:\/\/www.primeko.si\/en\/wp-json\/wp\/v2\/product_tag?post=8374"}],"curies":[{"name":"wp","href":"https:\/\/api.w.org\/{rel}","templated":true}]}}