{"id":8229,"date":"2023-11-06T12:52:40","date_gmt":"2023-11-06T12:52:40","guid":{"rendered":"http:\/\/www.primeko.si\/?post_type=product&#038;p=8229"},"modified":"2025-03-19T13:40:04","modified_gmt":"2025-03-19T13:40:04","slug":"renosil-grob","status":"publish","type":"product","link":"https:\/\/www.primeko.si\/en\/product\/renosil-grob\/","title":{"rendered":"Renosil Grob 8kg"},"content":{"rendered":"<div class=\"wpb-content-wrapper\"><div class=\"vc_row wpb_row vc_row-fluid\"><div class=\"wpb_column vc_column_container vc_col-sm-12\"><div class=\"vc_column-inner\"><div class=\"wpb_wrapper\">\n\t<div class=\"wpb_text_column wpb_content_element\" >\n\t\t<div class=\"wpb_wrapper\">\n\t\t\t<p>Fini temeljni premaz v sistemu BEECK Renosil<\/p>\n<p><strong>Namen uporabe: <\/strong>Polnilni osnovni in vmesni premaz na ETICS, omete iz sinteti\u010dne smole in stabilne stare disperzije z manj\u0161imi strukturnimi napakami ali lasastimi razpokami. Pripravljeno za uporabo, temeljito nanesite z mineralnim \u010dopi\u010dem. Kon\u010dni premaz iste barve z BEECK Renosil fine. Fasade z ve\u010djimi razpokami ali napakami obdelamo z ometom.<\/p>\n<p><strong>Podro\u010dje uporabe:<\/strong> Za zunanje povr\u0161ine<\/p>\n<p><strong>Zna\u010dilnosti:<\/strong><\/p>\n<ul>\n<li class=\"gmail_default\">Sejalna krivulja s strukturiranim zrnom 0,4 mm<\/li>\n<li class=\"gmail_default\">Premostitev lasnih razpok<\/li>\n<li class=\"gmail_default\">Izravnava strukturne napake<\/li>\n<li class=\"gmail_default\">U\u010dinek razpr\u0161ene svetlobe<\/li>\n<li class=\"gmail_default\">Optimalna povezava<\/li>\n<li class=\"gmail_default\">Razred\u010dite s fiksativom BEECK<\/li>\n<\/ul>\n<p><strong>Velikosti posod:<\/strong> 8 kg\/20 kg<br \/>\n<strong>Barvni odtenek:<\/strong>Bela, staro bela in 200 me\u0161anih barv po mineralni barvni karti BEECK. Lahko se niansira z BEECK silikatno univerzalno masivno glino. Kon\u010dni nanos BEECK Renosil fine v isti barvi.<\/p>\n\n\t\t<\/div>\n\t<\/div>\n<\/div><\/div><\/div><\/div>\n<\/div>","protected":false},"excerpt":{"rendered":"<p>Fini temeljni premaz v sistemu BEECK Renosil. Polnilni osnovni in vmesni premaz na ETICS, omete iz sinteti\u010dne smole in stabilne stare disperzije z manj\u0161imi strukturnimi napakami ali lasastimi razpokami. Pripravljeno za uporabo, temeljito nanesite z mineralnim \u010dopi\u010dem. Kon\u010dni premaz iste barve z BEECK Renosil fine. Fasade z ve\u010djimi razpokami ali napakami obdelamo z ometom.<\/p>","protected":false},"featured_media":8230,"comment_status":"open","ping_status":"closed","template":"","meta":[],"product_cat":[134,122],"product_tag":[],"_links":{"self":[{"href":"https:\/\/www.primeko.si\/en\/wp-json\/wp\/v2\/product\/8229"}],"collection":[{"href":"https:\/\/www.primeko.si\/en\/wp-json\/wp\/v2\/product"}],"about":[{"href":"https:\/\/www.primeko.si\/en\/wp-json\/wp\/v2\/types\/product"}],"replies":[{"embeddable":true,"href":"https:\/\/www.primeko.si\/en\/wp-json\/wp\/v2\/comments?post=8229"}],"wp:featuredmedia":[{"embeddable":true,"href":"https:\/\/www.primeko.si\/en\/wp-json\/wp\/v2\/media\/8230"}],"wp:attachment":[{"href":"https:\/\/www.primeko.si\/en\/wp-json\/wp\/v2\/media?parent=8229"}],"wp:term":[{"taxonomy":"product_cat","embeddable":true,"href":"https:\/\/www.primeko.si\/en\/wp-json\/wp\/v2\/product_cat?post=8229"},{"taxonomy":"product_tag","embeddable":true,"href":"https:\/\/www.primeko.si\/en\/wp-json\/wp\/v2\/product_tag?post=8229"}],"curies":[{"name":"wp","href":"https:\/\/api.w.org\/{rel}","templated":true}]}}