{"id":8077,"date":"2021-03-10T12:42:37","date_gmt":"2021-03-10T12:42:37","guid":{"rendered":"http:\/\/www.primeko.si\/?post_type=product&#038;p=8077"},"modified":"2023-12-03T12:50:39","modified_gmt":"2023-12-03T12:50:39","slug":"oleith-deck","status":"publish","type":"product","link":"https:\/\/www.primeko.si\/en\/product\/oleith-deck\/","title":{"rendered":"Oleith deck 10l"},"content":{"rendered":"<p>Mineralno-mat pokrivni premaz za lesene opa\u017ee v notranjih in fasadnih prostorih<\/p>\n<p><strong>Namen uporabe; <\/strong>\u010cisto mineralno pigmentirana, silikatna lesna barva za grobo \u017eagan neobdelan opa\u017e iz mehkega lesa na fasadnih podro\u010djih. Zaradi silicifikacije ima subtilen, mineralno mat videz. Zagotavlja trajno za\u0161\u010dito pred vremenskimi vplivi, povezanimi z UV \u017earki, ter ohranja barvito in privla\u010dno fasado. Vzor\u010dite les z vodotopnimi sestavinami, ki razbarvajo. Priporo\u010dilo za dimenzijsko stabilen ali skobljan les, kot so okna, vrata, pohi\u0161tvo, polkna ali polovi\u010dni les: BEECK stoje\u010de oljne barve.<\/p>\n<p><strong>Podro\u010dje uporabe;<\/strong> za zunaj<br \/>\n<strong>Zna\u010dilnosti;<\/strong><\/p>\n<ul>\n<li>V zaprtih prostorih in na prostem<\/li>\n<li>Mineralno mat z globoko svetlobo<\/li>\n<li>Spomeniku primerna barvna paleta<\/li>\n<li>Tudi svetle barve (&#8220;\u0161vedsko rde\u010da&#8221;) in izjemno obstojna<\/li>\n<li>Odprt za difuzijo, kapilarno aktiven<\/li>\n<li>Preperevanje s subtilnim kredanjem<\/li>\n<li>Enostaven za vzdr\u017eevanje brez bru\u0161enja, lahko ga prebarvate prakti\u010dno neomejenokrat<\/li>\n<li>Lahko se razred\u010di z vodo<\/li>\n<\/ul>\n<p><strong><br \/>\nVelikosti posod;<\/strong> 10L<br \/>\n<strong>Barvni odtenek;<\/strong> Naravna bela. 200 odtenkov, vklju\u010dno s trdnimi odtenki, ki se pribli\u017eajo mineralni barvni karti BEECK.<\/p>","protected":false},"excerpt":{"rendered":"<p>Mineralno-mat pokrivni premaz za lesene opa\u017ee v notranjih in fasadnih prostorih Namen uporabe; \u010cisto mineralno pigmentirana, silikatna lesna barva za<\/p>","protected":false},"featured_media":8241,"comment_status":"open","ping_status":"closed","template":"","meta":[],"product_cat":[131],"product_tag":[],"_links":{"self":[{"href":"https:\/\/www.primeko.si\/en\/wp-json\/wp\/v2\/product\/8077"}],"collection":[{"href":"https:\/\/www.primeko.si\/en\/wp-json\/wp\/v2\/product"}],"about":[{"href":"https:\/\/www.primeko.si\/en\/wp-json\/wp\/v2\/types\/product"}],"replies":[{"embeddable":true,"href":"https:\/\/www.primeko.si\/en\/wp-json\/wp\/v2\/comments?post=8077"}],"wp:featuredmedia":[{"embeddable":true,"href":"https:\/\/www.primeko.si\/en\/wp-json\/wp\/v2\/media\/8241"}],"wp:attachment":[{"href":"https:\/\/www.primeko.si\/en\/wp-json\/wp\/v2\/media?parent=8077"}],"wp:term":[{"taxonomy":"product_cat","embeddable":true,"href":"https:\/\/www.primeko.si\/en\/wp-json\/wp\/v2\/product_cat?post=8077"},{"taxonomy":"product_tag","embeddable":true,"href":"https:\/\/www.primeko.si\/en\/wp-json\/wp\/v2\/product_tag?post=8077"}],"curies":[{"name":"wp","href":"https:\/\/api.w.org\/{rel}","templated":true}]}}