{"id":8070,"date":"2021-03-10T12:41:27","date_gmt":"2021-03-10T12:41:27","guid":{"rendered":"http:\/\/www.primeko.si\/?post_type=product&#038;p=8070"},"modified":"2025-03-19T14:04:43","modified_gmt":"2025-03-19T14:04:43","slug":"sensil-san","status":"publish","type":"product","link":"https:\/\/www.primeko.si\/en\/product\/sensil-san\/","title":{"rendered":"Sensil San 12,5L"},"content":{"rendered":"<div class=\"wpb-content-wrapper\"><div class=\"vc_row wpb_row vc_row-fluid\"><div class=\"wpb_column vc_column_container vc_col-sm-12\"><div class=\"vc_column-inner\"><div class=\"wpb_wrapper\">\n\t<div class=\"wpb_text_column wpb_content_element\" >\n\t\t<div class=\"wpb_wrapper\">\n\t\t\t<div class=\"gmail_default\">Posebna silikatna barva z odprtimi porami, odporna proti obrabi, za notranje prostore in kjer obstaja nevarnost plesni.<\/div>\n<div class=\"gmail_default\"><strong>Namen uporabe; <\/strong>Silicifikacijsko aktivna sol-silikatna barva po VOB\/C DIN 18363 2.4.1 za notranje prostore s pove\u010dano vla\u017enostjo in te\u017eavami s plesnijo, idealna za obnovo in obnovo starih objektov. Gradbeno fizikalno je dragocena z naravno alkalnostjo, uravnavanjem vlage in kapilarno aktivna. Omogo\u010da ponovno su\u0161enje mokrih sten in fotokatalitsko zmanj\u0161a obremenitev s plesnimi in bakterijami v zraku v prostoru. Brez dodatkov fungicidov.<\/div>\n<div class=\"gmail_default\"><\/div>\n<p><strong>Podro\u010dje uporab<\/strong><strong>e;<\/strong> za notri<br \/>\n<strong>Zna\u010dilnosti;<\/strong><\/p>\n<ul>\n<li><span class=\"im\">Aktivna silikatna formula BEECK ASF\u00ae<\/span><\/li>\n<li>Baktericidno, protiglivi\u010dno in proti plesni brez strupenih dodatkov<\/li>\n<li>Visoko prepusten za vodno paro in CO2<\/li>\n<li>Odporen na razku\u017eila<\/li>\n<li>Mineralno mat povr\u0161ina<\/li>\n<li>Mo\u017ena prenova prakti\u010dno neomejeno \u010dasa<\/li>\n<li>Brez topil, nizka VOC<\/li>\n<\/ul>\n<div class=\"gmail_default\"><\/div>\n<div class=\"gmail_default\"><strong>Velikosti posod;<\/strong> 12,5L<br \/>\n<strong>Barvni odtenek; <\/strong>Bela. Tovarni\u0161ko niansiranje (pastelne barve, barvna skupina I, II) po naro\u010dilu.<\/div>\n<div class=\"gmail_default\"><strong>Poraba:<\/strong>\u00a0cca 0,14 L\/m2 na nanos na gladki povr\u0161ini<\/div>\n\n\t\t<\/div>\n\t<\/div>\n<\/div><\/div><\/div><\/div>\n<\/div>","protected":false},"excerpt":{"rendered":"<p>Posebna silikatna barva z odprtimi porami, odporna proti obrabi, za notranje prostore in kjer obstaja nevarnost plesni.<\/p>","protected":false},"featured_media":8213,"comment_status":"open","ping_status":"closed","template":"","meta":[],"product_cat":[130],"product_tag":[],"_links":{"self":[{"href":"https:\/\/www.primeko.si\/en\/wp-json\/wp\/v2\/product\/8070"}],"collection":[{"href":"https:\/\/www.primeko.si\/en\/wp-json\/wp\/v2\/product"}],"about":[{"href":"https:\/\/www.primeko.si\/en\/wp-json\/wp\/v2\/types\/product"}],"replies":[{"embeddable":true,"href":"https:\/\/www.primeko.si\/en\/wp-json\/wp\/v2\/comments?post=8070"}],"wp:featuredmedia":[{"embeddable":true,"href":"https:\/\/www.primeko.si\/en\/wp-json\/wp\/v2\/media\/8213"}],"wp:attachment":[{"href":"https:\/\/www.primeko.si\/en\/wp-json\/wp\/v2\/media?parent=8070"}],"wp:term":[{"taxonomy":"product_cat","embeddable":true,"href":"https:\/\/www.primeko.si\/en\/wp-json\/wp\/v2\/product_cat?post=8070"},{"taxonomy":"product_tag","embeddable":true,"href":"https:\/\/www.primeko.si\/en\/wp-json\/wp\/v2\/product_tag?post=8070"}],"curies":[{"name":"wp","href":"https:\/\/api.w.org\/{rel}","templated":true}]}}