{"id":8669,"date":"2025-12-12T09:06:52","date_gmt":"2025-12-12T09:06:52","guid":{"rendered":"https:\/\/www.primeko.si\/?page_id=8669"},"modified":"2025-12-12T09:11:28","modified_gmt":"2025-12-12T09:11:28","slug":"najem-dvizne-kosare","status":"publish","type":"page","link":"https:\/\/www.primeko.si\/en\/najem-dvizne-kosare\/","title":{"rendered":"Najem dvi\u017ene ko\u0161are"},"content":{"rendered":"<div class=\"wpb-content-wrapper\"><div class=\"vc_row wpb_row vc_row-fluid\"><div class=\"wpb_column vc_column_container vc_col-sm-12\"><div class=\"vc_column-inner\"><div class=\"wpb_wrapper\">\n\t<div class=\"wpb_text_column wpb_content_element\" >\n\t\t<div class=\"wpb_wrapper\">\n\t\t\t<div class=\"gmail_default\" style=\"text-align: center;\"><strong>Ko\u0161aro lahko najamete z vodnikom ali brez. Po naro\u010dilu izvajam razli\u010dna dela na vi\u0161ini.<\/strong><\/div>\n\n\t\t<\/div>\n\t<\/div>\n<\/div><\/div><\/div><\/div><div class=\"vc_row wpb_row vc_row-fluid\"><div class=\"wpb_column vc_column_container vc_col-sm-6\"><div class=\"vc_column-inner\"><div class=\"wpb_wrapper\">\n\t<div  class=\"wpb_single_image wpb_content_element vc_align_left\">\n\t\t\n\t\t<figure class=\"wpb_wrapper vc_figure\">\n\t\t\t<div class=\"vc_single_image-wrapper   vc_box_border_grey\"><img width=\"921\" height=\"1001\" src=\"https:\/\/www.primeko.si\/wp-content\/uploads\/2025\/12\/image.jpg\" class=\"vc_single_image-img attachment-full\" alt=\"\" decoding=\"async\" title=\"image\" loading=\"lazy\" srcset=\"https:\/\/www.primeko.si\/wp-content\/uploads\/2025\/12\/image.jpg 921w, https:\/\/www.primeko.si\/wp-content\/uploads\/2025\/12\/image-276x300.jpg 276w, https:\/\/www.primeko.si\/wp-content\/uploads\/2025\/12\/image-768x835.jpg 768w, https:\/\/www.primeko.si\/wp-content\/uploads\/2025\/12\/image-11x12.jpg 11w, https:\/\/www.primeko.si\/wp-content\/uploads\/2025\/12\/image-150x163.jpg 150w, https:\/\/www.primeko.si\/wp-content\/uploads\/2025\/12\/image-55x60.jpg 55w, https:\/\/www.primeko.si\/wp-content\/uploads\/2025\/12\/image-83x90.jpg 83w\" sizes=\"(max-width: 921px) 100vw, 921px\" \/><\/div>\n\t\t<\/figure>\n\t<\/div>\n<\/div><\/div><\/div><div class=\"wpb_column vc_column_container vc_col-sm-6\"><div class=\"vc_column-inner\"><div class=\"wpb_wrapper\">\n\t<div  class=\"wpb_single_image wpb_content_element vc_align_left\">\n\t\t\n\t\t<figure class=\"wpb_wrapper vc_figure\">\n\t\t\t<div class=\"vc_single_image-wrapper   vc_box_border_grey\"><img width=\"1566\" height=\"2560\" src=\"https:\/\/www.primeko.si\/wp-content\/uploads\/2025\/12\/MVIMG_20250919_093120-scaled.jpg\" class=\"vc_single_image-img attachment-full\" alt=\"\" decoding=\"async\" title=\"MVIMG_20250919_093120\" loading=\"lazy\" srcset=\"https:\/\/www.primeko.si\/wp-content\/uploads\/2025\/12\/MVIMG_20250919_093120-scaled.jpg 1566w, https:\/\/www.primeko.si\/wp-content\/uploads\/2025\/12\/MVIMG_20250919_093120-183x300.jpg 183w, https:\/\/www.primeko.si\/wp-content\/uploads\/2025\/12\/MVIMG_20250919_093120-626x1024.jpg 626w, https:\/\/www.primeko.si\/wp-content\/uploads\/2025\/12\/MVIMG_20250919_093120-768x1256.jpg 768w, https:\/\/www.primeko.si\/wp-content\/uploads\/2025\/12\/MVIMG_20250919_093120-940x1536.jpg 940w, https:\/\/www.primeko.si\/wp-content\/uploads\/2025\/12\/MVIMG_20250919_093120-1253x2048.jpg 1253w, https:\/\/www.primeko.si\/wp-content\/uploads\/2025\/12\/MVIMG_20250919_093120-7x12.jpg 7w, https:\/\/www.primeko.si\/wp-content\/uploads\/2025\/12\/MVIMG_20250919_093120-1200x1962.jpg 1200w, https:\/\/www.primeko.si\/wp-content\/uploads\/2025\/12\/MVIMG_20250919_093120-150x245.jpg 150w, https:\/\/www.primeko.si\/wp-content\/uploads\/2025\/12\/MVIMG_20250919_093120-37x60.jpg 37w, https:\/\/www.primeko.si\/wp-content\/uploads\/2025\/12\/MVIMG_20250919_093120-55x90.jpg 55w\" sizes=\"(max-width: 1566px) 100vw, 1566px\" \/><\/div>\n\t\t<\/figure>\n\t<\/div>\n<\/div><\/div><\/div><\/div>\n<\/div>","protected":false},"excerpt":{"rendered":"Ko\u0161aro lahko najamete z vodnikom ali brez. Po naro\u010dilu izvajam razli\u010dna dela na vi\u0161ini.","protected":false},"author":1,"featured_media":0,"parent":0,"menu_order":0,"comment_status":"closed","ping_status":"closed","template":"","meta":{"footnotes":""},"_links":{"self":[{"href":"https:\/\/www.primeko.si\/en\/wp-json\/wp\/v2\/pages\/8669"}],"collection":[{"href":"https:\/\/www.primeko.si\/en\/wp-json\/wp\/v2\/pages"}],"about":[{"href":"https:\/\/www.primeko.si\/en\/wp-json\/wp\/v2\/types\/page"}],"author":[{"embeddable":true,"href":"https:\/\/www.primeko.si\/en\/wp-json\/wp\/v2\/users\/1"}],"replies":[{"embeddable":true,"href":"https:\/\/www.primeko.si\/en\/wp-json\/wp\/v2\/comments?post=8669"}],"version-history":[{"count":0,"href":"https:\/\/www.primeko.si\/en\/wp-json\/wp\/v2\/pages\/8669\/revisions"}],"wp:attachment":[{"href":"https:\/\/www.primeko.si\/en\/wp-json\/wp\/v2\/media?parent=8669"}],"curies":[{"name":"wp","href":"https:\/\/api.w.org\/{rel}","templated":true}]}}