{"id":8659,"date":"2025-09-22T17:57:29","date_gmt":"2025-09-22T17:57:29","guid":{"rendered":"https:\/\/www.primeko.si\/?page_id=8659"},"modified":"2025-09-22T18:00:51","modified_gmt":"2025-09-22T18:00:51","slug":"impregnacija-fasad","status":"publish","type":"page","link":"https:\/\/www.primeko.si\/en\/impregnacija-fasad\/","title":{"rendered":"Impregnacija fasad"},"content":{"rendered":"<div class=\"wpb-content-wrapper\"><div class=\"vc_row wpb_row vc_row-fluid\"><div class=\"wpb_column vc_column_container vc_col-sm-12\"><div class=\"vc_column-inner\"><div class=\"wpb_wrapper\"><div class=\"vc_row wpb_row vc_inner vc_row-fluid\"><div class=\"wpb_column vc_column_container vc_col-sm-12\"><div class=\"vc_column-inner\"><div class=\"wpb_wrapper\">\n\t<div class=\"wpb_text_column wpb_content_element\" >\n\t\t<div class=\"wpb_wrapper\">\n\t\t\t<p style=\"font-weight: 400;\">Lastnosti\u00a0 LMF sredstva<\/p>\n<p style=\"font-weight: 400;\">Aktivna silikatna formula ASF\u00ae<\/p>\n<ul>\n<li style=\"font-weight: 400;\">Uporaba v notranjih prostorih in fasadah<\/li>\n<li style=\"font-weight: 400;\">Silikatno-mineralna oja\u010ditev, primerna za fasade in naravni kamen.<\/li>\n<li style=\"font-weight: 400;\">Strdi se brez nastajanja filma ali zama\u0161itve por<\/li>\n<li style=\"font-weight: 400;\">Kapilarno aktiven, prepusten za difuzijo, brez vodo odbojnosti, ohranja sorpcijsko sposobnost gradbenega materiala<\/li>\n<li style=\"font-weight: 400;\">Vzdr\u017eljiv in odporen na vremenske vplive, lahko ga kadarkoli osve\u017eite<\/li>\n<li style=\"font-weight: 400;\">Vizualno ni opazen na gradbenem materialu, brez poudarkov ali sijaja<\/li>\n<li style=\"font-weight: 400;\">Nevnetljivo ali eksplozivno, ne proizvaja vnetljivih hlapov<\/li>\n<li style=\"font-weight: 400;\">Naravna alkalnost deluje proti bakterijam, algam in plesni, ne tvori organskega goji\u0161\u010da<\/li>\n<\/ul>\n\n\t\t<\/div>\n\t<\/div>\n<\/div><\/div><\/div><\/div><\/div><\/div><\/div><\/div><div class=\"vc_row wpb_row vc_row-fluid\"><div class=\"wpb_column vc_column_container vc_col-sm-6\"><div class=\"vc_column-inner\"><div class=\"wpb_wrapper\">\n\t<div  class=\"wpb_single_image wpb_content_element vc_align_left\">\n\t\t\n\t\t<figure class=\"wpb_wrapper vc_figure\">\n\t\t\t<div class=\"vc_single_image-wrapper   vc_box_border_grey\"><img width=\"1638\" height=\"1228\" src=\"https:\/\/www.primeko.si\/wp-content\/uploads\/2025\/09\/Impregnacija-LMF-c1avgusta-7-25.jpg\" class=\"vc_single_image-img attachment-full\" alt=\"\" decoding=\"async\" title=\"Impregnacija LMF c1avgusta 7 25\" loading=\"lazy\" srcset=\"https:\/\/www.primeko.si\/wp-content\/uploads\/2025\/09\/Impregnacija-LMF-c1avgusta-7-25.jpg 1638w, https:\/\/www.primeko.si\/wp-content\/uploads\/2025\/09\/Impregnacija-LMF-c1avgusta-7-25-300x225.jpg 300w, https:\/\/www.primeko.si\/wp-content\/uploads\/2025\/09\/Impregnacija-LMF-c1avgusta-7-25-1024x768.jpg 1024w, https:\/\/www.primeko.si\/wp-content\/uploads\/2025\/09\/Impregnacija-LMF-c1avgusta-7-25-768x576.jpg 768w, https:\/\/www.primeko.si\/wp-content\/uploads\/2025\/09\/Impregnacija-LMF-c1avgusta-7-25-1536x1152.jpg 1536w, https:\/\/www.primeko.si\/wp-content\/uploads\/2025\/09\/Impregnacija-LMF-c1avgusta-7-25-16x12.jpg 16w, https:\/\/www.primeko.si\/wp-content\/uploads\/2025\/09\/Impregnacija-LMF-c1avgusta-7-25-1200x900.jpg 1200w, https:\/\/www.primeko.si\/wp-content\/uploads\/2025\/09\/Impregnacija-LMF-c1avgusta-7-25-150x112.jpg 150w, https:\/\/www.primeko.si\/wp-content\/uploads\/2025\/09\/Impregnacija-LMF-c1avgusta-7-25-80x60.jpg 80w, https:\/\/www.primeko.si\/wp-content\/uploads\/2025\/09\/Impregnacija-LMF-c1avgusta-7-25-120x90.jpg 120w\" sizes=\"(max-width: 1638px) 100vw, 1638px\" \/><\/div>\n\t\t<\/figure>\n\t<\/div>\n<\/div><\/div><\/div><div class=\"wpb_column vc_column_container vc_col-sm-6\"><div class=\"vc_column-inner\"><div class=\"wpb_wrapper\">\n\t<div  class=\"wpb_single_image wpb_content_element vc_align_left\">\n\t\t\n\t\t<figure class=\"wpb_wrapper vc_figure\">\n\t\t\t<div class=\"vc_single_image-wrapper   vc_box_border_grey\"><img width=\"1638\" height=\"1228\" src=\"https:\/\/www.primeko.si\/wp-content\/uploads\/2025\/09\/Impregnacija-LMF-c1avgusta7-25-1.jpg\" class=\"vc_single_image-img attachment-full\" alt=\"\" decoding=\"async\" title=\"Impregnacija LMF c1avgusta7 25 1\" loading=\"lazy\" srcset=\"https:\/\/www.primeko.si\/wp-content\/uploads\/2025\/09\/Impregnacija-LMF-c1avgusta7-25-1.jpg 1638w, https:\/\/www.primeko.si\/wp-content\/uploads\/2025\/09\/Impregnacija-LMF-c1avgusta7-25-1-300x225.jpg 300w, https:\/\/www.primeko.si\/wp-content\/uploads\/2025\/09\/Impregnacija-LMF-c1avgusta7-25-1-1024x768.jpg 1024w, https:\/\/www.primeko.si\/wp-content\/uploads\/2025\/09\/Impregnacija-LMF-c1avgusta7-25-1-768x576.jpg 768w, https:\/\/www.primeko.si\/wp-content\/uploads\/2025\/09\/Impregnacija-LMF-c1avgusta7-25-1-1536x1152.jpg 1536w, https:\/\/www.primeko.si\/wp-content\/uploads\/2025\/09\/Impregnacija-LMF-c1avgusta7-25-1-16x12.jpg 16w, https:\/\/www.primeko.si\/wp-content\/uploads\/2025\/09\/Impregnacija-LMF-c1avgusta7-25-1-1200x900.jpg 1200w, https:\/\/www.primeko.si\/wp-content\/uploads\/2025\/09\/Impregnacija-LMF-c1avgusta7-25-1-150x112.jpg 150w, https:\/\/www.primeko.si\/wp-content\/uploads\/2025\/09\/Impregnacija-LMF-c1avgusta7-25-1-80x60.jpg 80w, https:\/\/www.primeko.si\/wp-content\/uploads\/2025\/09\/Impregnacija-LMF-c1avgusta7-25-1-120x90.jpg 120w\" sizes=\"(max-width: 1638px) 100vw, 1638px\" \/><\/div>\n\t\t<\/figure>\n\t<\/div>\n<\/div><\/div><\/div><\/div><div class=\"vc_row wpb_row vc_row-fluid\"><div class=\"wpb_column vc_column_container vc_col-sm-6\"><div class=\"vc_column-inner\"><div class=\"wpb_wrapper\">\n\t<div  class=\"wpb_single_image wpb_content_element vc_align_left\">\n\t\t\n\t\t<figure class=\"wpb_wrapper vc_figure\">\n\t\t\t<div class=\"vc_single_image-wrapper   vc_box_border_grey\"><img width=\"1631\" height=\"734\" src=\"https:\/\/www.primeko.si\/wp-content\/uploads\/2025\/09\/Ocisceno-in-zasciteno.jpg\" class=\"vc_single_image-img attachment-full\" alt=\"\" decoding=\"async\" title=\"O\u010di\u0161\u010deno in za\u0161\u010diteno\" loading=\"lazy\" srcset=\"https:\/\/www.primeko.si\/wp-content\/uploads\/2025\/09\/Ocisceno-in-zasciteno.jpg 1631w, https:\/\/www.primeko.si\/wp-content\/uploads\/2025\/09\/Ocisceno-in-zasciteno-300x135.jpg 300w, https:\/\/www.primeko.si\/wp-content\/uploads\/2025\/09\/Ocisceno-in-zasciteno-1024x461.jpg 1024w, https:\/\/www.primeko.si\/wp-content\/uploads\/2025\/09\/Ocisceno-in-zasciteno-768x346.jpg 768w, https:\/\/www.primeko.si\/wp-content\/uploads\/2025\/09\/Ocisceno-in-zasciteno-1536x691.jpg 1536w, https:\/\/www.primeko.si\/wp-content\/uploads\/2025\/09\/Ocisceno-in-zasciteno-18x8.jpg 18w, https:\/\/www.primeko.si\/wp-content\/uploads\/2025\/09\/Ocisceno-in-zasciteno-1200x540.jpg 1200w, https:\/\/www.primeko.si\/wp-content\/uploads\/2025\/09\/Ocisceno-in-zasciteno-150x68.jpg 150w, https:\/\/www.primeko.si\/wp-content\/uploads\/2025\/09\/Ocisceno-in-zasciteno-133x60.jpg 133w, https:\/\/www.primeko.si\/wp-content\/uploads\/2025\/09\/Ocisceno-in-zasciteno-200x90.jpg 200w\" sizes=\"(max-width: 1631px) 100vw, 1631px\" \/><\/div>\n\t\t<\/figure>\n\t<\/div>\n<\/div><\/div><\/div><div class=\"wpb_column vc_column_container vc_col-sm-6\"><div class=\"vc_column-inner\"><div class=\"wpb_wrapper\">\n\t<div  class=\"wpb_single_image wpb_content_element vc_align_left\">\n\t\t\n\t\t<figure class=\"wpb_wrapper vc_figure\">\n\t\t\t<div class=\"vc_single_image-wrapper   vc_box_border_grey\"><img width=\"734\" height=\"1631\" src=\"https:\/\/www.primeko.si\/wp-content\/uploads\/2025\/09\/Ocisceno-in-zasciteno1.jpg\" class=\"vc_single_image-img attachment-full\" alt=\"\" decoding=\"async\" title=\"O\u010di\u0161\u010deno in za\u0161\u010diteno1\" loading=\"lazy\" srcset=\"https:\/\/www.primeko.si\/wp-content\/uploads\/2025\/09\/Ocisceno-in-zasciteno1.jpg 734w, https:\/\/www.primeko.si\/wp-content\/uploads\/2025\/09\/Ocisceno-in-zasciteno1-135x300.jpg 135w, https:\/\/www.primeko.si\/wp-content\/uploads\/2025\/09\/Ocisceno-in-zasciteno1-461x1024.jpg 461w, https:\/\/www.primeko.si\/wp-content\/uploads\/2025\/09\/Ocisceno-in-zasciteno1-691x1536.jpg 691w, https:\/\/www.primeko.si\/wp-content\/uploads\/2025\/09\/Ocisceno-in-zasciteno1-5x12.jpg 5w, https:\/\/www.primeko.si\/wp-content\/uploads\/2025\/09\/Ocisceno-in-zasciteno1-150x333.jpg 150w, https:\/\/www.primeko.si\/wp-content\/uploads\/2025\/09\/Ocisceno-in-zasciteno1-27x60.jpg 27w, https:\/\/www.primeko.si\/wp-content\/uploads\/2025\/09\/Ocisceno-in-zasciteno1-41x90.jpg 41w\" sizes=\"(max-width: 734px) 100vw, 734px\" \/><\/div>\n\t\t<\/figure>\n\t<\/div>\n<\/div><\/div><\/div><\/div>\n<\/div>","protected":false},"excerpt":{"rendered":"Lastnosti\u00a0 LMF sredstva Aktivna silikatna formula ASF\u00ae Uporaba v notranjih prostorih in fasadah Silikatno-mineralna oja\u010ditev, primerna za fasade in naravni","protected":false},"author":1,"featured_media":0,"parent":0,"menu_order":0,"comment_status":"closed","ping_status":"closed","template":"","meta":{"footnotes":""},"_links":{"self":[{"href":"https:\/\/www.primeko.si\/en\/wp-json\/wp\/v2\/pages\/8659"}],"collection":[{"href":"https:\/\/www.primeko.si\/en\/wp-json\/wp\/v2\/pages"}],"about":[{"href":"https:\/\/www.primeko.si\/en\/wp-json\/wp\/v2\/types\/page"}],"author":[{"embeddable":true,"href":"https:\/\/www.primeko.si\/en\/wp-json\/wp\/v2\/users\/1"}],"replies":[{"embeddable":true,"href":"https:\/\/www.primeko.si\/en\/wp-json\/wp\/v2\/comments?post=8659"}],"version-history":[{"count":0,"href":"https:\/\/www.primeko.si\/en\/wp-json\/wp\/v2\/pages\/8659\/revisions"}],"wp:attachment":[{"href":"https:\/\/www.primeko.si\/en\/wp-json\/wp\/v2\/media?parent=8659"}],"curies":[{"name":"wp","href":"https:\/\/api.w.org\/{rel}","templated":true}]}}