{"id":8345,"date":"2023-11-08T07:51:02","date_gmt":"2023-11-08T07:51:02","guid":{"rendered":"http:\/\/www.primeko.si\/?page_id=8345"},"modified":"2023-11-08T11:36:03","modified_gmt":"2023-11-08T11:36:03","slug":"splosni-pogoji","status":"publish","type":"page","link":"https:\/\/www.primeko.si\/en\/splosni-pogoji\/","title":{"rendered":"The general terms and conditions"},"content":{"rendered":"<div class=\"wpb-content-wrapper\"><div class=\"vc_row wpb_row vc_row-fluid\"><div class=\"wpb_column vc_column_container vc_col-sm-12\"><div class=\"vc_column-inner\"><div class=\"wpb_wrapper\">\n\t<div class=\"wpb_text_column wpb_content_element\" >\n\t\t<div class=\"wpb_wrapper\">\n\t\t\t<p><img decoding=\"async\" loading=\"lazy\" class=\"alignnone size-full wp-image-8185\" src=\"http:\/\/www.primeko.si\/wp-content\/uploads\/2023\/10\/primeko-sticky.jpg\" alt=\"\" width=\"313\" height=\"110\" srcset=\"https:\/\/www.primeko.si\/wp-content\/uploads\/2023\/10\/primeko-sticky.jpg 313w, https:\/\/www.primeko.si\/wp-content\/uploads\/2023\/10\/primeko-sticky-150x53.jpg 150w, https:\/\/www.primeko.si\/wp-content\/uploads\/2023\/10\/primeko-sticky-300x105.jpg 300w, https:\/\/www.primeko.si\/wp-content\/uploads\/2023\/10\/primeko-sticky-171x60.jpg 171w, https:\/\/www.primeko.si\/wp-content\/uploads\/2023\/10\/primeko-sticky-256x90.jpg 256w\" sizes=\"(max-width: 313px) 100vw, 313px\" \/><\/p>\n<p>Splo\u0161ni pogoji so namenjeni seznanitvi kupcev z osnovnimi pogoji in postopki nakupa v spletni trgovini primeko.si<\/p>\n<p>PRIMEKO d.o.o.<br \/>\nZg. Veterno 16<br \/>\n4294 Kri\u017ee<\/p>\n<p>Prodaja in dostava blaga je mo\u017ena na ozemlju Republike Slovenije. Ob registraciji v spletni trgovini obiskovalec pridobi uporabni\u0161ko ime in geslo, ki si ga sam izbere. Uporabni\u0161ko ime in geslo uporabnika nedvoumno dolo\u010data in povezujeta z vnesenimi podatki. Z registracijo obiskovalec postane uporabnik in pridobi pravico do nakupa.<\/p>\n<p><strong>Dostopnost informacij<\/strong><br \/>\nPonudnik se zavezuje, da bo kupcu vselej zagotovil naslednje informacije:<\/p>\n<ul>\n<li>identiteto podjetja (ime in sede\u017e podjetja, \u0161tevilka registra),<\/li>\n<li>kontaktne podatke, ki uporabniku omogo\u010dajo hitro in u\u010dinkovito komunikacijo (e-po\u0161ta, telefon),<\/li>\n<li>bistvene zna\u010dilnosti blaga oziroma storitev (vklju\u010dno s poprodajnimi storitvami in garancijami),<\/li>\n<li>dostopnost artiklov (vsak artikel ali storitev, ki je v ponudbi na spletnem mestu, naj bi bil dostopen v razumljivem roku),<\/li>\n<li>pogoje dostave artiklov ali izvr\u0161itve storitve (na\u010din, kraj in rok dostave),<\/li>\n<li>vse cene morajo biti jasno in nedvoumno dolo\u010dene in razvidno mora biti prikazano, ali \u017ee vsebujejo davke in stro\u0161ke prevoza,<\/li>\n<li>na\u010din pla\u010dila in dostave,<\/li>\n<li>\u010dasovno veljavnost ponudbe,<\/li>\n<li>rok, v katerem je \u0161e mo\u017eno odstopiti od pogodbe in pogojih za odstop; poleg tega tudi o tem, \u010de in koliko stane kupca vra\u010dilo artikla,<\/li>\n<li>pojasnilo postopka ob prito\u017ebi, vklju\u010dno z vsemi podatki o kontaktni osebi ali slu\u017ebi za stike s kupci.<\/li>\n<\/ul>\n<p><strong>Naro\u010danje<\/strong><br \/>\nNaro\u010danje poteka po internetu 24 ur na dan, vse dni v letu. Kupec izbira in naro\u010di izdelke, ki so mu na voljo v spletni trgovini, razvr\u0161\u010dene v kategorijah. Naro\u010dila sprejemamo preko nakupa v spletni trgovini.<\/p>\n<p>Po oddaji naro\u010dila v spletni trgovini ali po e-po\u0161ti kupec prejme obvestilo po elektronski po\u0161ti, da je naro\u010dilo sprejeto. V njem so navedeni izdelki in koli\u010dine, ki jih je kupec izbral. Sprejeta naro\u010dila se obravnavajo kot nepreklicna in bodo izpeljana. V primeru, da \u017eelite odstopiti od naro\u010dila, nas prosim obvestite v najkasneje treh urah po oddaji naro\u010dila, na elektronsko po\u0161to <a href=\"mailto:info@primeko.si\">info@primeko.si<\/a><\/p>\n<p>Spletna trgovina primeko.si si pridr\u017euje pravico, da lahko zavrne naro\u010dilo, za katerega ugotovi, da ga pod navedenimi pogoji in s podatki, s katerimi razpolaga, ne more izvesti. V kolikor bi kupec \u017ee pla\u010dal po predra\u010dunu, mu v tem primeru vso kupnino vklju\u010dno s stro\u0161ki dostave naka\u017eemo naslednji delovni dan.<\/p>\n<p><strong>Na\u010dini pla\u010dila<\/strong><br \/>\nPonudnik omogo\u010da naslednje na\u010dine pla\u010dila:<\/p>\n<ul>\n<li>z gotovino ob prevzemu (le na Obmo\u010dju Republike Slovenije); v primeru pla\u010dila z gotovino ob prevzemu, po\u0161tarju izro\u010dite gotovino in Po\u0161ta bo za vas opravila pla\u010dilo. Pri pla\u010dilu z gotovino ob prevzemu pla\u010date dodatno provizijo, po ceniku Po\u0161te Slovenije. <em>OPOZORILO: Po\u0161ta Slovenije vam ob pla\u010dilu po povzetju (pla\u010dilo preko polo\u017enice) dodatno zara\u010duna 1,05\u20ac, kot provizijo za pla\u010dilo polo\u017enice.<\/em><\/li>\n<li>z nakazilom na ra\u010dun upravitelja primeko.si po ponudbi\/predra\u010dunu; v primeru pla\u010dila na TRR, boste ob nakupu prejeli obvestilo z vsemi ustreznimi podatki o ra\u010dunu, kamor je potrebno opraviti nakazilo. Dokler ne dobite elektronskega sporo\u010dila, ne nakazujte kupnine<\/li>\n<\/ul>\n<p><strong>Cene<\/strong><br \/>\nVse cene izdelkov so ozna\u010dene v evrih (EUR). Ozna\u010dene cene veljajo v trenutku oddaje naro\u010dila in veljajo do dne objave novega cenika. Cene veljajo samo za nakup v spletni trgovini primeko.si. Cena ne vklju\u010duje dostave razen v primeru, ko naro\u010dite izdelek v koli\u010din nad 3L.<\/p>\n<p>Zavezanci za DDV ali kupci na izrecno \u017eeljo so dol\u017eni ob nakupu navesti tudi svojo dav\u010dno \u0161tevilko. To navedejo v opombe pri naro\u010dilu.<br \/>\nKupoprodajna pogodba med ponudnikom in kupcem je sklenjena v trenutku, ko ponudnik potrdi naro\u010dilo (kupec prejme elektronsko sporo\u010dilo). Od tega trenutka so vse cene in drugi pogoji fiksirani in veljajo tako za ponudnika kot za kupca.<\/p>\n<p>Ponudnik \u2013 spletna trgovina primeko.si sku\u0161a \u010dim bolje skrbeti za a\u017eurnost in pravilnost podatkov, ki so navedeni na spletu. Kljub temu pa se lastnosti artiklov, dobavni rok in cena spreminjajo, tako da obstaja minimalna mo\u017enost, da ponudnik ne utegne so\u010dasno s spremembo popraviti podatkov na spletnih straneh. V takem primeru se kupca obvesti o spremembah ter omogo\u010di preklic ali zamenjavo naro\u010denega artikla.<\/p>\n<p>Kupec ima pravico, da v 30 dneh od prevzema blaga prodajalcu sporo\u010di (na kontaktni e-naslov( info@primeko.com), da odstopa od pogodbe, ne da bi mu bilo treba navesti razlog za svojo odlo\u010ditev. Edini stro\u0161ek, ki bremeni kupca v zvezi z odstopom od pogodbe, je stro\u0161ek vra\u010dila blaga. Blago je potrebno vrniti prodajalcu najkasneje v roku 15 dni od sporo\u010dila o odstopu od pogodbe. Prejeto blago mora vrniti nepo\u0161kodovano, v nespremenjeni koli\u010dini in v originalni embala\u017ei, razen \u010de je blago uni\u010deno, pokvarjeno, izgubljeno ali se je njegova koli\u010dina zmanj\u0161ala, ne da bi bil za to kriv potro\u0161nik.<\/p>\n<p>Ponudnik ni dol\u017ean sprejeti po\u0161iljk z odkupnino ali po\u0161iljk, ki ne ustrezajo ponudnikovim splo\u0161nim pogojem poslovanja. Po prejemu nerabljenega, nepo\u0161kodovanega blaga v nespremenjeni koli\u010dini in v originalni embala\u017ei, vam skladno z zakonom (takoj ko je mogo\u010de, najkasneje pa v 15 dneh po prejemu blaga) vrnemo opravljena pla\u010dila na TRR kupca. Ob vra\u010dilu blaga nam prosim posredujte tudi ra\u010dun za blago in osebne podatke ter transakcijski ra\u010dun kamor \u017eelite, da se vrne pla\u010dilo.<\/p>\n<p><strong>Dobavni roki<\/strong><\/p>\n<p>Vse po\u0161iljke oddane delovni dan, najkasneje do 15 ure na Po\u0161to odpremljeni praviloma \u0161e isti dan. V primeru pla\u010dila po predra\u010dunu se \u0161teje, da je do 14. ure potrjeno nakazilo na ra\u010dun podjetja Franc Burnik s.p. Rok dobave za izdelke na zalogi je obi\u010dajno 2-5 dni. V kolikor bo rok dostave izjemoma dalj\u0161i vas bomo o tem obvestili v 24-tih urah.<\/p>\n<p><strong>Odveza odgovornosti<\/strong><\/p>\n<p>Ponudnik se po svojih najbolj\u0161ih mo\u010deh trudi zagotoviti a\u017eurnost in pravilnost podatkov, ki so objavljeni na njegovih straneh. Kljub temu, pa se lahko lastnosti artiklov, rok dobave ali cena spremenijo tako hitro, da ponudnik ne uspe popraviti podatkov na spletnih straneh. V takem primeru, bo ponudnik kupca obvestil o spremembah in mu omogo\u010dil odstop od naro\u010dila ali zamenjavo naro\u010denega artikla. Ponudnik ne odgovarja za vsebino mnenj o artiklih, ki jih napi\u0161ejo obiskovalci. Ponudnik mnenja pred objavo pregleda in zavrne tista, ki vsebujejo o\u010ditne neresnice, so zavajajo\u010da ali \u017ealjiva. Ponudnik ne odgovarja za informacije v mnenjih in se odvezuje kakr\u0161nekoli odgovornosti, ki izvira iz informacij v mnenjih. \u010ceprav se ponudnik trudi zagotoviti natan\u010dne fotografije prodajnih artiklov, je potrebno vse fotografije jemati kot simboli\u010dne. Fotografije ne zagotavljajo lastnosti artikla. Ponudnik si prdr\u017euje pravico, da pogoje poslovanja spremeni kadarkoli in na kakr\u0161enkoli na\u010din, ne glede na razlog in brez predhodnega opozorila.<\/p>\n<p><strong>Prito\u017ebe in spori<\/strong><\/p>\n<p>Ponudnik spo\u0161tuje veljavno zakonodajo o varstvu potro\u0161nikov. Ponudnik se po vseh mo\u010deh trudi izpolnjevati svojo dol\u017enost vzpostaviti u\u010dinkovit sistem obravnavanja prito\u017eb in dolo\u010diti osebo, s katero se, v primeru te\u017eav, kupec lahko pove\u017ee telefonsko ali po elektronski po\u0161ti. Prito\u017eba se odda prek e-po\u0161tnega naslova info@primeko.com Postopek obravnave prito\u017ebe je zaupen. Ponudnik se zaveda, da je bistvena zna\u010dilnost potro\u0161ni\u0161kega spora, vsaj kar zadeva sodno re\u0161evanje, njegova nesorazmernost med ekonomsko vrednostjo zahtevka in stro\u0161ki, ki nastanejo pri re\u0161evanju samega spora. To je tudi glavna ovira, da potro\u0161nik ne spro\u017ei spora pred sodi\u0161\u010dem. Zato se ponudnik prizadeva po svojih najbolj\u0161ih mo\u010deh, da se morebitni spori re\u0161ijo sporazumno.<\/p>\n<p>Vklopi razum, zahtevaj ra\u010dun<\/p>\n<p><img decoding=\"async\" loading=\"lazy\" class=\"alignnone size-full wp-image-8346\" src=\"http:\/\/www.primeko.si\/wp-content\/uploads\/2023\/11\/davcna-nalepka.png\" alt=\"\" width=\"250\" height=\"357\" srcset=\"https:\/\/www.primeko.si\/wp-content\/uploads\/2023\/11\/davcna-nalepka.png 250w, https:\/\/www.primeko.si\/wp-content\/uploads\/2023\/11\/davcna-nalepka-210x300.png 210w, https:\/\/www.primeko.si\/wp-content\/uploads\/2023\/11\/davcna-nalepka-150x214.png 150w, https:\/\/www.primeko.si\/wp-content\/uploads\/2023\/11\/davcna-nalepka-42x60.png 42w, https:\/\/www.primeko.si\/wp-content\/uploads\/2023\/11\/davcna-nalepka-63x90.png 63w\" sizes=\"(max-width: 250px) 100vw, 250px\" \/><\/p>\n<p><strong>Obve\u0161\u010danje<\/strong><\/p>\n<p>Ponudnik lahko predvidoma enkrat, vendar ne ve\u010d kot dvakrat v mesecu po elektronski po\u0161ti svojim kupcem po\u0161lje obvestilo o aktualni ponudbi. Prejemiki obvestil se od prejemanja le-teh lahko kadarkoli odjavijo preko povezave, ki je tudi del vsakega sporo\u010dila. \u017delimo vam obilo prijetnih in ugodnih nakupov!<\/p>\n<p>Va\u0161a spletna trgovina primeko.si<\/p>\n\n\t\t<\/div>\n\t<\/div>\n<\/div><\/div><\/div><\/div>\n<\/div>","protected":false},"excerpt":{"rendered":"Splo\u0161ni pogoji so namenjeni seznanitvi kupcev z osnovnimi pogoji in postopki nakupa v spletni trgovini primeko.si PRIMEKO d.o.o. Zg. Veterno","protected":false},"author":1,"featured_media":0,"parent":0,"menu_order":0,"comment_status":"closed","ping_status":"closed","template":"","meta":{"footnotes":""},"_links":{"self":[{"href":"https:\/\/www.primeko.si\/en\/wp-json\/wp\/v2\/pages\/8345"}],"collection":[{"href":"https:\/\/www.primeko.si\/en\/wp-json\/wp\/v2\/pages"}],"about":[{"href":"https:\/\/www.primeko.si\/en\/wp-json\/wp\/v2\/types\/page"}],"author":[{"embeddable":true,"href":"https:\/\/www.primeko.si\/en\/wp-json\/wp\/v2\/users\/1"}],"replies":[{"embeddable":true,"href":"https:\/\/www.primeko.si\/en\/wp-json\/wp\/v2\/comments?post=8345"}],"version-history":[{"count":0,"href":"https:\/\/www.primeko.si\/en\/wp-json\/wp\/v2\/pages\/8345\/revisions"}],"wp:attachment":[{"href":"https:\/\/www.primeko.si\/en\/wp-json\/wp\/v2\/media?parent=8345"}],"curies":[{"name":"wp","href":"https:\/\/api.w.org\/{rel}","templated":true}]}}