{"id":655,"date":"2017-06-27T06:32:31","date_gmt":"2017-06-27T06:32:31","guid":{"rendered":"http:\/\/dummy.xtemos.com\/woodmart\/demos\/?page_id=655"},"modified":"2024-01-08T08:14:55","modified_gmt":"2024-01-08T08:14:55","slug":"kontakt","status":"publish","type":"page","link":"https:\/\/www.primeko.si\/en\/kontakt\/","title":{"rendered":"Contact us"},"content":{"rendered":"<div class=\"wpb-content-wrapper\"><div class=\"vc_row wpb_row vc_row-fluid vc_custom_1484587700785\"><div class=\"wpb_column vc_column_container vc_col-sm-6 vc_col-lg-4 vc_col-md-4\"><div class=\"vc_column-inner vc_custom_1496934090366\"><div class=\"wpb_wrapper\">\n\t\t<div id=\"wd-5f60db05db805\" class=\"title-wrapper wd-wpb set-mb-s reset-last-child  wd-rs-5f60db05db805 wd-title-color-default wd-title-style-default text-left vc_custom_1600183052271 wd-underline-colored\">\n\t\t\t\n\t\t\t<div class=\"liner-continer\">\n\t\t\t\t<h4 class=\"woodmart-title-container title  wd-font-weight- wd-fontsize-l\" >PODATKI PODJETJA<\/h4>\n\t\t\t\t\t\t\t<\/div>\n\t\t\t\n\t\t\t\n\t\t\t\n\t\t<\/div>\n\t\t\n\t\t<div class=\"vc_row wpb_row vc_inner vc_row-fluid\"><div class=\"wpb_column vc_column_container vc_col-sm-12\"><div class=\"vc_column-inner\"><div class=\"wpb_wrapper\"><p style=\"font-size: 16px;color: #333333;text-align: left\" class=\"vc_custom_heading vc_custom_1600183091835\" ><strong>IME PODJETJA<\/strong><\/p>\n\t<div class=\"wpb_text_column wpb_content_element vc_custom_1701342000359\" >\n\t\t<div class=\"wpb_wrapper\">\n\t\t\t<p>PRIMEKO d.o.o.<br \/>\nZg. Veterno 16<br \/>\n4294 Kri\u017ee<\/p>\n<p>Dav\u010dna \u0161t.: SI92141633<\/p>\n\n\t\t<\/div>\n\t<\/div>\n\n\t<div class=\"wpb_text_column wpb_content_element\" >\n\t\t<div class=\"wpb_wrapper\">\n\t\t\t<p><span style=\"color: #333333;\"><strong>Email:<\/strong><\/span>\u00a0 <a href=\"mailto:info@primeko.si\">info@primeko.si<\/a><br \/>\n<span style=\"color: #333333;\"><strong>Tel. \u0161t.:<\/strong><\/span> 070 \/ 266 &#8211; 000<\/p>\n\n\t\t<\/div>\n\t<\/div>\n<\/div><\/div><\/div><\/div><\/div><\/div><\/div><div class=\"wpb_column vc_column_container vc_col-sm-6 vc_col-lg-8 vc_col-md-8\"><div class=\"vc_column-inner\"><div class=\"wpb_wrapper\"><div class=\"wpb_gmaps_widget wpb_content_element\"><div class=\"wpb_wrapper\"><div class=\"wpb_map_wraper\"><iframe src=\"https:\/\/www.google.com\/maps\/embed?pb=!1m18!1m12!1m3!1d15582.011175539274!2d14.319262073224175!3d46.338896753972605!2m3!1f0!2f0!3f0!3m2!1i1024!2i768!4f13.1!3m3!1m2!1s0x477abb8e94a94ffd%3A0x4380d68d7c036f52!2sZgornje%20Vetrno%2016%2C%204294%20Kri%C5%BEe!5e0!3m2!1sen!2ssi!4v1699344630690!5m2!1sen!2ssi\" width=\"600\" height=\"450\" style=\"border:0;\" allowfullscreen=\"\" loading=\"lazy\" referrerpolicy=\"no-referrer-when-downgrade\"><\/iframe><\/div><\/div><\/div><\/div><\/div><\/div><\/div>\n<\/div>","protected":false},"excerpt":{"rendered":"PODATKI PODJETJA IME PODJETJA PRIMEKO d.o.o. Zg. Veterno 16 4294 Kri\u017ee Dav\u010dna \u0161t.: SI92141633 Email:\u00a0 info@primeko.si Tel. \u0161t.: 070 \/","protected":false},"author":1,"featured_media":0,"parent":0,"menu_order":0,"comment_status":"closed","ping_status":"closed","template":"","meta":{"footnotes":""},"_links":{"self":[{"href":"https:\/\/www.primeko.si\/en\/wp-json\/wp\/v2\/pages\/655"}],"collection":[{"href":"https:\/\/www.primeko.si\/en\/wp-json\/wp\/v2\/pages"}],"about":[{"href":"https:\/\/www.primeko.si\/en\/wp-json\/wp\/v2\/types\/page"}],"author":[{"embeddable":true,"href":"https:\/\/www.primeko.si\/en\/wp-json\/wp\/v2\/users\/1"}],"replies":[{"embeddable":true,"href":"https:\/\/www.primeko.si\/en\/wp-json\/wp\/v2\/comments?post=655"}],"version-history":[{"count":0,"href":"https:\/\/www.primeko.si\/en\/wp-json\/wp\/v2\/pages\/655\/revisions"}],"wp:attachment":[{"href":"https:\/\/www.primeko.si\/en\/wp-json\/wp\/v2\/media?parent=655"}],"curies":[{"name":"wp","href":"https:\/\/api.w.org\/{rel}","templated":true}]}}