{"id":3,"date":"2020-09-14T12:20:35","date_gmt":"2020-09-14T11:20:35","guid":{"rendered":"http:\/\/www.primeko.si\/?page_id=3"},"modified":"2023-11-08T07:49:32","modified_gmt":"2023-11-08T07:49:32","slug":"pravilnik-o-zasebnosti","status":"publish","type":"page","link":"https:\/\/www.primeko.si\/en\/pravilnik-o-zasebnosti\/","title":{"rendered":"Privacy policy"},"content":{"rendered":"<div class=\"wpb-content-wrapper\"><div class=\"vc_row wpb_row vc_row-fluid\"><div class=\"wpb_column vc_column_container vc_col-sm-12\"><div class=\"vc_column-inner\"><div class=\"wpb_wrapper\">\n\t<div class=\"wpb_text_column wpb_content_element\" >\n\t\t<div class=\"wpb_wrapper\">\n\t\t\t<p><strong>Obve\u0161\u010danje<\/strong><\/p>\n<p>Ponudnik lahko predvidoma enkrat, vendar ne ve\u010d kot dvakrat v mesecu po elektronski po\u0161ti svojim kupcem po\u0161lje obvestilo o aktualni ponudbi. Prejemiki obvestil se od prejemanja le-teh lahko kadarkoli odjavijo preko povezave, ki je tudi del vsakega sporo\u010dila. \u017delimo vam obilo prijetnih in ugodnih nakupov!<\/p>\n<p><strong>Varovanje osebnih podatkov<\/strong><\/p>\n<p>Ponudnik bo podatke uporabil zgolj in izklju\u010dno za potrebe spletne trgovine. Osebni podatki uporabnika ne bodo posredovani nepoobla\u0161\u010denim osebam ali drugim podjetjem.\u00a0<\/p>\n<p><strong>Pi\u0161kotki<\/strong><\/p>\n<p>Spletna trgovina algavelan.si uporablja pi\u0161kotke, kateri izbolj\u0161ajo va\u0161o uporabni\u0161ko izku\u0161njo na spletni strani. Pi\u0161kotki vam ne morejo \u0161kodovati, prenesti virusa ali karkoli podobnega. Pomagajo vam le, da na\u0161a spletna stran na va\u0161em ra\u010dunalniku deluje bolj teko\u010de, gladko in vam olaj\u0161a brskanje.<\/p>\n<p><strong>Uporabljamo naslednje pi\u0161kotke:<\/strong><br \/>Za google analitiko &#8211; Uporabljamo anonimno merjenje uporabo spletne strani za izbolj\u0161anje va\u0161e uporabni\u0161ke izku\u0161nje.<br \/>Facebook, Twitter in drugi socialni mediji &#8211; Facebook Like gumb, Facebook Like Box, Twitter gumb in Google plus gumb<br \/>Nujno potrebni pi\u0161kotki &#8211; Nekateri pi\u0161kotki na tej spletni strani, so nujno potrebni in jih ni mogo\u010de onemogo\u010diti, kot je recimo ko\u0161arica.<\/p>\n<p>Z uporabo in obiskom na\u0161e spletne trgovine se strinjate z uporabo pi\u0161kotov.<\/p>\n\n\t\t<\/div>\n\t<\/div>\n<\/div><\/div><\/div><\/div>\n<\/div>","protected":false},"excerpt":{"rendered":"Obve\u0161\u010danje Ponudnik lahko predvidoma enkrat, vendar ne ve\u010d kot dvakrat v mesecu po elektronski po\u0161ti svojim kupcem po\u0161lje obvestilo o","protected":false},"author":1,"featured_media":0,"parent":0,"menu_order":0,"comment_status":"closed","ping_status":"open","template":"","meta":{"footnotes":""},"_links":{"self":[{"href":"https:\/\/www.primeko.si\/en\/wp-json\/wp\/v2\/pages\/3"}],"collection":[{"href":"https:\/\/www.primeko.si\/en\/wp-json\/wp\/v2\/pages"}],"about":[{"href":"https:\/\/www.primeko.si\/en\/wp-json\/wp\/v2\/types\/page"}],"author":[{"embeddable":true,"href":"https:\/\/www.primeko.si\/en\/wp-json\/wp\/v2\/users\/1"}],"replies":[{"embeddable":true,"href":"https:\/\/www.primeko.si\/en\/wp-json\/wp\/v2\/comments?post=3"}],"version-history":[{"count":0,"href":"https:\/\/www.primeko.si\/en\/wp-json\/wp\/v2\/pages\/3\/revisions"}],"wp:attachment":[{"href":"https:\/\/www.primeko.si\/en\/wp-json\/wp\/v2\/media?parent=3"}],"curies":[{"name":"wp","href":"https:\/\/api.w.org\/{rel}","templated":true}]}}